{"id":7437,"date":"2022-11-09T09:32:36","date_gmt":"2022-11-09T09:32:36","guid":{"rendered":"https:\/\/mabuko.co.mz\/?post_type=product&#038;p=7437"},"modified":"2024-08-22T10:19:39","modified_gmt":"2024-08-22T10:19:39","slug":"o-clube-do-crime-das-quintas-feiras","status":"publish","type":"product","link":"https:\/\/mabuko.co.mz\/site\/?product=o-clube-do-crime-das-quintas-feiras","title":{"rendered":"O CLUBE DO CRIME DAS QUINTAS-FEIRAS"},"content":{"rendered":"<p>Richard Osman<\/p>\n<p>9789897774782<\/p>\n","protected":false},"excerpt":{"rendered":"<p><strong>SINOPSE<\/strong><\/p>\n<p>Quatro reformados com alguns truques na manga<br \/>\nUma pol\u00edcia com o seu primeiro grande caso nas m\u00e3os<br \/>\nUm assassinato brutal<br \/>\nBem-vindos a&#8230;\u00a0<i>O Clube do Crime das Quintas-feiras<\/i><br \/>\nNum pacato bairro de resid\u00eancias privadas para reformados, quatro amigos improv\u00e1veis re\u00fanem-se uma vez por semana para discutir crimes que ficaram por resolver.<br \/>\nRon, um ex-sindicalista todo tatuado; a doce Joyce, uma vi\u00fava que n\u00e3o \u00e9 t\u00e3o ing\u00e9nua quanto parece; Ibrahim, um ex-psiquiatra com uma incr\u00edvel habilidade anal\u00edtica; e a tremenda e enigm\u00e1tica Elizabeth, que lidera este grupo de investigadores amadores&#8230; ou nem por isso.<br \/>\nQuando um homic\u00eddio ocorre no pequeno bairro, e uma misteriosa fotografia \u00e9 encontrada ao lado do cad\u00e1ver, o clube v\u00ea-se envolvido no seu primeiro caso real. Embora sejam quase octogen\u00e1rios, os quatro amigos t\u00eam alguns truques na manga&#8230;<br \/>\nSer\u00e1 que este gangue pouco convencional, mas brilhante, ir\u00e1 conseguir apanhar o assassino antes que seja tarde demais? O melhor \u00e9 nunca subestimar um grupo de velhotes.<\/p>\n","protected":false},"featured_media":7438,"template":"","meta":{"_monsterinsights_skip_tracking":false,"_monsterinsights_sitenote_active":false,"_monsterinsights_sitenote_note":"","_monsterinsights_sitenote_category":0},"product_cat":[103],"product_tag":[],"class_list":{"0":"post-7437","1":"product","2":"type-product","3":"status-publish","4":"has-post-thumbnail","6":"product_cat-literatura","7":"pa_book-author-richard-osman","9":"first","10":"instock","11":"shipping-taxable","12":"purchasable","13":"product-type-simple"},"_links":{"self":[{"href":"https:\/\/mabuko.co.mz\/site\/index.php?rest_route=\/wp\/v2\/product\/7437","targetHints":{"allow":["GET"]}}],"collection":[{"href":"https:\/\/mabuko.co.mz\/site\/index.php?rest_route=\/wp\/v2\/product"}],"about":[{"href":"https:\/\/mabuko.co.mz\/site\/index.php?rest_route=\/wp\/v2\/types\/product"}],"wp:featuredmedia":[{"embeddable":true,"href":"https:\/\/mabuko.co.mz\/site\/index.php?rest_route=\/wp\/v2\/media\/7438"}],"wp:attachment":[{"href":"https:\/\/mabuko.co.mz\/site\/index.php?rest_route=%2Fwp%2Fv2%2Fmedia&parent=7437"}],"wp:term":[{"taxonomy":"product_cat","embeddable":true,"href":"https:\/\/mabuko.co.mz\/site\/index.php?rest_route=%2Fwp%2Fv2%2Fproduct_cat&post=7437"},{"taxonomy":"product_tag","embeddable":true,"href":"https:\/\/mabuko.co.mz\/site\/index.php?rest_route=%2Fwp%2Fv2%2Fproduct_tag&post=7437"}],"curies":[{"name":"wp","href":"https:\/\/api.w.org\/{rel}","templated":true}]}}