{"id":7435,"date":"2022-11-09T09:22:23","date_gmt":"2022-11-09T09:22:23","guid":{"rendered":"https:\/\/mabuko.co.mz\/?post_type=product&#038;p=7435"},"modified":"2024-08-22T10:20:26","modified_gmt":"2024-08-22T10:20:26","slug":"o-homem-que-morreu-duas-vezes","status":"publish","type":"product","link":"https:\/\/mabuko.co.mz\/site\/?product=o-homem-que-morreu-duas-vezes","title":{"rendered":"O HOMEM QUE MORREU DUAS VEZES"},"content":{"rendered":"<p>Richard Osman<\/p>\n<p>9789897775499<\/p>\n","protected":false},"excerpt":{"rendered":"<p><strong>SINOPSE<\/strong><\/p>\n<p>Elizabeth, Joyce, Ron e Ibrahim est\u00e3o \u00e0 procura de alguma paz e tranquilidade, na luxuosa comunidade para reformados onde vivem, depois de terem resolvido o seu primeiro caso. Resolver um novo assassinato n\u00e3o fazia parte dos seus planos de reforma. Mas parece que est\u00e3o com pouca sorte. Um visitante inesperado &#8211; um velho amigo (ou quem sabe algo mais\u2026) de Elizabeth &#8211; aparece desesperado por ajuda. Est\u00e1 em apuros. Foi acusado de roubar diamantes, no valor de 20 milh\u00f5es de libras, ao homem errado. E a sua vida corre perigo. O primeiro corpo \u00e9 encontrado. Mas n\u00e3o ser\u00e1 o \u00faltimo. Este dif\u00edcil caso envolve um mafioso impaciente, reuni\u00f5es regadas a vinho, segredos antigos, pulseiras da amizade, decis\u00f5es importantes como a de adotar ou n\u00e3o um c\u00e3o\u2026 E um assassino implac\u00e1vel que n\u00e3o hesitaria, um segundo, em matar os quatro simp\u00e1ticos reformados de Coopers Chase.<br \/>\nSer\u00e1 que os membros de <i>O Clube do Crime das Quintas-Feiras<\/i>\u00a0v\u00e3o ser capazes de encontrar o assassino (e, j\u00e1 agora, os diamantes), antes do assassino os encontrar a eles?<br \/>\nRichard Osman est\u00e1 de volta com o seu famoso e carism\u00e1tico quarteto de detetives para mais uma aventura divertida e inteligente. Imposs\u00edvel parar de ler. Mais de 3,5 milh\u00f5es de leitores j\u00e1 se juntaram a <i>O Clube do Crime das Quintas-Feiras<\/i>.<\/p>\n","protected":false},"featured_media":7436,"template":"","meta":{"_monsterinsights_skip_tracking":false,"_monsterinsights_sitenote_active":false,"_monsterinsights_sitenote_note":"","_monsterinsights_sitenote_category":0},"product_cat":[103],"product_tag":[],"class_list":{"0":"post-7435","1":"product","2":"type-product","3":"status-publish","4":"has-post-thumbnail","6":"product_cat-literatura","7":"pa_book-author-richard-osman","9":"first","10":"instock","11":"shipping-taxable","12":"purchasable","13":"product-type-simple"},"_links":{"self":[{"href":"https:\/\/mabuko.co.mz\/site\/index.php?rest_route=\/wp\/v2\/product\/7435","targetHints":{"allow":["GET"]}}],"collection":[{"href":"https:\/\/mabuko.co.mz\/site\/index.php?rest_route=\/wp\/v2\/product"}],"about":[{"href":"https:\/\/mabuko.co.mz\/site\/index.php?rest_route=\/wp\/v2\/types\/product"}],"wp:featuredmedia":[{"embeddable":true,"href":"https:\/\/mabuko.co.mz\/site\/index.php?rest_route=\/wp\/v2\/media\/7436"}],"wp:attachment":[{"href":"https:\/\/mabuko.co.mz\/site\/index.php?rest_route=%2Fwp%2Fv2%2Fmedia&parent=7435"}],"wp:term":[{"taxonomy":"product_cat","embeddable":true,"href":"https:\/\/mabuko.co.mz\/site\/index.php?rest_route=%2Fwp%2Fv2%2Fproduct_cat&post=7435"},{"taxonomy":"product_tag","embeddable":true,"href":"https:\/\/mabuko.co.mz\/site\/index.php?rest_route=%2Fwp%2Fv2%2Fproduct_tag&post=7435"}],"curies":[{"name":"wp","href":"https:\/\/api.w.org\/{rel}","templated":true}]}}