{"id":7433,"date":"2022-11-09T09:16:24","date_gmt":"2022-11-09T09:16:24","guid":{"rendered":"https:\/\/mabuko.co.mz\/?post_type=product&#038;p=7433"},"modified":"2023-01-11T13:33:50","modified_gmt":"2023-01-11T13:33:50","slug":"a-jaula-do-rei","status":"publish","type":"product","link":"https:\/\/mabuko.co.mz\/site\/?product=a-jaula-do-rei","title":{"rendered":"A JAULA DO REI"},"content":{"rendered":"<p><span data-action=\"a-popover\" data-csa-c-type=\"widget\" data-csa-c-func-deps=\"aui-da-a-popover\" data-a-popover=\"{&quot;closeButtonLabel&quot;:&quot;Fechar popover de di\u00e1logo do autor&quot;,&quot;name&quot;:&quot;contributor-info-B00LMXGOBS&quot;,&quot;position&quot;:&quot;triggerBottom&quot;,&quot;popoverLabel&quot;:&quot;Popover de di\u00e1logo do autor&quot;,&quot;allowLinkDefault&quot;:&quot;true&quot;}\" data-csa-c-id=\"u6on6n-s0dujq-71dt7o-7291di\">Victoria Aveyard<\/span><\/p>\n<p>9789897731280<\/p>\n","protected":false},"excerpt":{"rendered":"<p><strong>SINOPSE<\/strong><\/p>\n<p>Quando a fa\u00edsca da rapariga-rel\u00e2mpago se apaga, quem ilumina o caminho para a rebeli\u00e3o? Mare Barrow foi capturada e est\u00e1 impotente sem o seu poder, vivendo atormentada pelos erros do passado. Ela est\u00e1 \u00e0 merc\u00ea do rapaz por quem um dia se apaixonou, um jovem dissimulado que a enganou e traiu. Agora rei, Maven continua com os planos da sua m\u00e3e, fazendo de tudo para manter o controlo de Norta \u2014 e de sua prisioneira. Enquanto Mare tenta aguentar o peso sufocante da Pedra Silenciosa, a Guarda Escarlate organiza-se, deixando de agir nas sombras e preparando-se para a guerra. Entre os guerreiros est\u00e1 Cal, o pr\u00edncipe exilado, que no meio das d\u00favidas tem apenas uma certeza: ele n\u00e3o vai descansar enquanto n\u00e3o trouxer Mare de volta. Sangue vermelho e prateado correr\u00e1 pelas ruas. A guerra est\u00e1 a chegar\u2026<\/p>\n","protected":false},"featured_media":7434,"template":"","meta":{"_monsterinsights_skip_tracking":false,"_monsterinsights_sitenote_active":false,"_monsterinsights_sitenote_note":"","_monsterinsights_sitenote_category":0},"product_cat":[103],"product_tag":[],"class_list":{"0":"post-7433","1":"product","2":"type-product","3":"status-publish","4":"has-post-thumbnail","6":"product_cat-literatura","7":"pa_book-author-victoria-aveyard","9":"first","10":"outofstock","11":"shipping-taxable","12":"purchasable","13":"product-type-simple"},"_links":{"self":[{"href":"https:\/\/mabuko.co.mz\/site\/index.php?rest_route=\/wp\/v2\/product\/7433","targetHints":{"allow":["GET"]}}],"collection":[{"href":"https:\/\/mabuko.co.mz\/site\/index.php?rest_route=\/wp\/v2\/product"}],"about":[{"href":"https:\/\/mabuko.co.mz\/site\/index.php?rest_route=\/wp\/v2\/types\/product"}],"wp:featuredmedia":[{"embeddable":true,"href":"https:\/\/mabuko.co.mz\/site\/index.php?rest_route=\/wp\/v2\/media\/7434"}],"wp:attachment":[{"href":"https:\/\/mabuko.co.mz\/site\/index.php?rest_route=%2Fwp%2Fv2%2Fmedia&parent=7433"}],"wp:term":[{"taxonomy":"product_cat","embeddable":true,"href":"https:\/\/mabuko.co.mz\/site\/index.php?rest_route=%2Fwp%2Fv2%2Fproduct_cat&post=7433"},{"taxonomy":"product_tag","embeddable":true,"href":"https:\/\/mabuko.co.mz\/site\/index.php?rest_route=%2Fwp%2Fv2%2Fproduct_tag&post=7433"}],"curies":[{"name":"wp","href":"https:\/\/api.w.org\/{rel}","templated":true}]}}