{"id":7430,"date":"2022-11-09T08:57:02","date_gmt":"2022-11-09T08:57:02","guid":{"rendered":"https:\/\/mabuko.co.mz\/?post_type=product&#038;p=7430"},"modified":"2023-01-11T13:34:42","modified_gmt":"2023-01-11T13:34:42","slug":"lacos-que-perduram","status":"publish","type":"product","link":"https:\/\/mabuko.co.mz\/site\/?product=lacos-que-perduram","title":{"rendered":"LA\u00c7OS QUE PERDURAM"},"content":{"rendered":"<p>Nicholas Sparks<\/p>\n<p>9789892323428<\/p>\n","protected":false},"excerpt":{"rendered":"<p><strong>SINOPSE<\/strong><\/p>\n<p>Com apenas vinte e cinco anos, Julie Barenson tem j\u00e1 uma m\u00e1goa maior do que a vida: o seu querido marido, Jim, morreu. Em plena noite de Natal, dilacerada pela perda, ela recebe os dois inesperados presentes que ele lhe deixou. \u00c9 o t\u00edpico ato de amor de Jim: n\u00e3o a esquecer nem por um segundo. \u00c9 assim que Singer, um cachorrinho amoroso e assustado, entra na sua vida. A acompanh\u00e1-lo vem um bilhete e uma promessa: Jim velar\u00e1 sempre por ela. Quatro anos depois, Julie est\u00e1 preparada para come\u00e7ar de novo e Richard Franklin parece ser o homem ideal. Mas no seu \u00edntimo, ela sente que algo est\u00e1 errado e termina a rela\u00e7\u00e3o. A seu lado, incondicionalmente, est\u00e1 Mike Harris, o bondoso melhor amigo de Jim, o homem que a apoiou nos melhores e nos piores momentos. Ao longo dos anos, os sentimentos entre ambos floresceram e parece ter finalmente chegado o momento de viverem plenamente a sua paix\u00e3o. Mas quando a vida parecia sorrir-lhe de novo, Julie tem de enfrentar o pior dos pesadelos &#8211; sobreviver \u00e0 persegui\u00e7\u00e3o de um louco. Nesta comovente hist\u00f3ria de amor, perda e reden\u00e7\u00e3o, Nicholas Sparks ultrapassa os limites do romance ao pintar um quadro implac\u00e1vel dos sombrios des\u00edgnios da mente humana. La\u00e7os que Perduram \u00e9 a derradeira prova da sua mestria.<\/p>\n","protected":false},"featured_media":7432,"template":"","meta":{"_monsterinsights_skip_tracking":false,"_monsterinsights_sitenote_active":false,"_monsterinsights_sitenote_note":"","_monsterinsights_sitenote_category":0},"product_cat":[105],"product_tag":[],"class_list":{"0":"post-7430","1":"product","2":"type-product","3":"status-publish","4":"has-post-thumbnail","6":"product_cat-romance","7":"pa_book-author-nicholas-sparks","9":"first","10":"outofstock","11":"shipping-taxable","12":"purchasable","13":"product-type-simple"},"_links":{"self":[{"href":"https:\/\/mabuko.co.mz\/site\/index.php?rest_route=\/wp\/v2\/product\/7430","targetHints":{"allow":["GET"]}}],"collection":[{"href":"https:\/\/mabuko.co.mz\/site\/index.php?rest_route=\/wp\/v2\/product"}],"about":[{"href":"https:\/\/mabuko.co.mz\/site\/index.php?rest_route=\/wp\/v2\/types\/product"}],"wp:featuredmedia":[{"embeddable":true,"href":"https:\/\/mabuko.co.mz\/site\/index.php?rest_route=\/wp\/v2\/media\/7432"}],"wp:attachment":[{"href":"https:\/\/mabuko.co.mz\/site\/index.php?rest_route=%2Fwp%2Fv2%2Fmedia&parent=7430"}],"wp:term":[{"taxonomy":"product_cat","embeddable":true,"href":"https:\/\/mabuko.co.mz\/site\/index.php?rest_route=%2Fwp%2Fv2%2Fproduct_cat&post=7430"},{"taxonomy":"product_tag","embeddable":true,"href":"https:\/\/mabuko.co.mz\/site\/index.php?rest_route=%2Fwp%2Fv2%2Fproduct_tag&post=7430"}],"curies":[{"name":"wp","href":"https:\/\/api.w.org\/{rel}","templated":true}]}}