{"id":7427,"date":"2022-11-09T08:46:28","date_gmt":"2022-11-09T08:46:28","guid":{"rendered":"https:\/\/mabuko.co.mz\/?post_type=product&#038;p=7427"},"modified":"2023-01-11T13:35:40","modified_gmt":"2023-01-11T13:35:40","slug":"ligados","status":"publish","type":"product","link":"https:\/\/mabuko.co.mz\/site\/?product=ligados","title":{"rendered":"LIGADOS"},"content":{"rendered":"<p>Amir Levine<\/p>\n<p>9789892354491<\/p>\n","protected":false},"excerpt":{"rendered":"<p><strong>SINOPSE<\/strong><\/p>\n<p>Nos contos de fadas, quando h\u00e1 pr\u00edncipes e princesas, o final \u00e9 conhecido: \u201cE viveram felizes para sempre\u201d. Na vida real, por\u00e9m, muitas rela\u00e7\u00f5es acabam de forma inexplic\u00e1vel, mesmo havendo um amor sincero entre os elementos do casal. Porqu\u00ea? O Dr. Amir Levine, psiquiatra, neurocientista e investigador principal da Universidade de Columbia, come\u00e7ou a achar que a ci\u00eancia poderia responder \u00e0quela quest\u00e3o. E, para isso, socorreu-se do trabalho pioneiro do psic\u00f3logo John Bowlby, a teoria da vincula\u00e7\u00e3o. Segundo esta, as pessoas adultas tendem a dividir-se em tr\u00eas grupos: as ansiosas, evitantes ou seguras. Em Ligados, o Dr. Amir Levine e a psic\u00f3loga social Rachel Heller ajudam os leitores a perceber melhor a que grupo pertencem. E fornecem as ferramentas necess\u00e1rias para identificar o tipo de vincula\u00e7\u00e3o das pessoas com quem se relacionam. Torna-se assim mais f\u00e1cil encontrar companheiros compat\u00edveis ou melhorar as rela\u00e7\u00f5es j\u00e1 existentes.<\/p>\n","protected":false},"featured_media":7428,"template":"","meta":{"_monsterinsights_skip_tracking":false,"_monsterinsights_sitenote_active":false,"_monsterinsights_sitenote_note":"","_monsterinsights_sitenote_category":0},"product_cat":[108],"product_tag":[],"class_list":{"0":"post-7427","1":"product","2":"type-product","3":"status-publish","4":"has-post-thumbnail","6":"product_cat-auto-ajuda","7":"pa_book-author-amir-levine","9":"first","10":"outofstock","11":"shipping-taxable","12":"purchasable","13":"product-type-simple"},"_links":{"self":[{"href":"https:\/\/mabuko.co.mz\/site\/index.php?rest_route=\/wp\/v2\/product\/7427","targetHints":{"allow":["GET"]}}],"collection":[{"href":"https:\/\/mabuko.co.mz\/site\/index.php?rest_route=\/wp\/v2\/product"}],"about":[{"href":"https:\/\/mabuko.co.mz\/site\/index.php?rest_route=\/wp\/v2\/types\/product"}],"wp:featuredmedia":[{"embeddable":true,"href":"https:\/\/mabuko.co.mz\/site\/index.php?rest_route=\/wp\/v2\/media\/7428"}],"wp:attachment":[{"href":"https:\/\/mabuko.co.mz\/site\/index.php?rest_route=%2Fwp%2Fv2%2Fmedia&parent=7427"}],"wp:term":[{"taxonomy":"product_cat","embeddable":true,"href":"https:\/\/mabuko.co.mz\/site\/index.php?rest_route=%2Fwp%2Fv2%2Fproduct_cat&post=7427"},{"taxonomy":"product_tag","embeddable":true,"href":"https:\/\/mabuko.co.mz\/site\/index.php?rest_route=%2Fwp%2Fv2%2Fproduct_tag&post=7427"}],"curies":[{"name":"wp","href":"https:\/\/api.w.org\/{rel}","templated":true}]}}