{"id":7425,"date":"2022-11-09T08:32:18","date_gmt":"2022-11-09T08:32:18","guid":{"rendered":"https:\/\/mabuko.co.mz\/?post_type=product&#038;p=7425"},"modified":"2023-01-11T13:36:32","modified_gmt":"2023-01-11T13:36:32","slug":"a-noite-e-um-jogo","status":"publish","type":"product","link":"https:\/\/mabuko.co.mz\/site\/?product=a-noite-e-um-jogo","title":{"rendered":"A NOITE \u00c9 UM JOGO"},"content":{"rendered":"<p>Camilla L\u00e4ckberg<\/p>\n<p>Camilla Lackberg<\/p>\n<p>9789897845970<\/p>\n","protected":false},"excerpt":{"rendered":"<p><strong>SINOPSE<\/strong><\/p>\n<p>Quatro amigos<br \/>\nLiv, Martina, Max e Anton s\u00e3o melhores amigos h\u00e1 anos. Na v\u00e9spera de Ano Novo, est\u00e3o mais do que felizes por passar a noite juntos \u2013 a beber, a namoriscar e a jogar.<br \/>\nQuatro segredos aterrorizantes<br \/>\nMas cada um deles guarda um terr\u00edvel segredo. E, quando um jogo de verdade ou consequ\u00eancia toma um rumo sombrio, n\u00e3o demora muito a emergir uma verdade chocante.<br \/>\nUma noite que terminar\u00e1 em assassinato.<br \/>\nAgora, os segredos j\u00e1 n\u00e3o o s\u00e3o. Nada mais ser\u00e1 o mesmo. E nem todos viver\u00e3o para ver chegar o novo ano\u2026<\/p>\n","protected":false},"featured_media":7426,"template":"","meta":{"_monsterinsights_skip_tracking":false,"_monsterinsights_sitenote_active":false,"_monsterinsights_sitenote_note":"","_monsterinsights_sitenote_category":0},"product_cat":[103],"product_tag":[],"class_list":{"0":"post-7425","1":"product","2":"type-product","3":"status-publish","4":"has-post-thumbnail","6":"product_cat-literatura","7":"pa_book-author-camilla-lackberg","9":"first","10":"outofstock","11":"shipping-taxable","12":"purchasable","13":"product-type-simple"},"_links":{"self":[{"href":"https:\/\/mabuko.co.mz\/site\/index.php?rest_route=\/wp\/v2\/product\/7425","targetHints":{"allow":["GET"]}}],"collection":[{"href":"https:\/\/mabuko.co.mz\/site\/index.php?rest_route=\/wp\/v2\/product"}],"about":[{"href":"https:\/\/mabuko.co.mz\/site\/index.php?rest_route=\/wp\/v2\/types\/product"}],"wp:featuredmedia":[{"embeddable":true,"href":"https:\/\/mabuko.co.mz\/site\/index.php?rest_route=\/wp\/v2\/media\/7426"}],"wp:attachment":[{"href":"https:\/\/mabuko.co.mz\/site\/index.php?rest_route=%2Fwp%2Fv2%2Fmedia&parent=7425"}],"wp:term":[{"taxonomy":"product_cat","embeddable":true,"href":"https:\/\/mabuko.co.mz\/site\/index.php?rest_route=%2Fwp%2Fv2%2Fproduct_cat&post=7425"},{"taxonomy":"product_tag","embeddable":true,"href":"https:\/\/mabuko.co.mz\/site\/index.php?rest_route=%2Fwp%2Fv2%2Fproduct_tag&post=7425"}],"curies":[{"name":"wp","href":"https:\/\/api.w.org\/{rel}","templated":true}]}}