{"id":7423,"date":"2022-11-09T08:19:02","date_gmt":"2022-11-09T08:19:02","guid":{"rendered":"https:\/\/mabuko.co.mz\/?post_type=product&#038;p=7423"},"modified":"2023-01-11T13:37:02","modified_gmt":"2023-01-11T13:37:02","slug":"pensar-como-obama","status":"publish","type":"product","link":"https:\/\/mabuko.co.mz\/site\/?product=pensar-como-obama","title":{"rendered":"PENSAR COMO OBAMA"},"content":{"rendered":"<p>Daniel Smith<\/p>\n<p>9789896684815<\/p>\n","protected":false},"excerpt":{"rendered":"<p><strong>SINOPSE<\/strong><\/p>\n<p>Barack Obama ascendeu de relativa obscuridade \u00e0 presid\u00eancia dos Estados Unidos da Am\u00e9rica de forma extraordin\u00e1ria. A sua mensagem de esperan\u00e7a e mudan\u00e7a deram novo impulso \u00e0s pol\u00edticas globais e ligaram milh\u00f5es de pessoas a um sistema que h\u00e1 muito sentiam ignor\u00e1-las.<br \/>\nInspire-se com a jornada de Obama e aprenda que <i>Sim. Podemos.<\/i><br \/>\nFilho de pai queniano e m\u00e3e americana, Barack Obama era uma figura improv\u00e1vel enquanto futuro presidente dos EUA. Mas as pessoas viam nele um reflexo dos seus pr\u00f3prios ideais \u2014 valores como toler\u00e2ncia, igualdade, justi\u00e7a e, talvez o mais importante, esperan\u00e7a.<br \/>\nPara muitos, ele representava a mudan\u00e7a de mentalidades e a oportunidade para reformas concretas. E ao enfrentar os desafios \u00fanicos de um ambiente pol\u00edtico global de incerteza, Obama apurou as capacidades de um verdadeiro presidente moderno para guiar o seu pa\u00eds em alguns dos mais dif\u00edceis momentos na hist\u00f3ria recente.<br \/>\nCom este livro pode aprender a pensar como o presidente mais acess\u00edvel de sempre \u2014 um homem que est\u00e1 \u00e0 vontade quer a discutir pol\u00edtica externa quer as qualidades dos seus rappers favoritos.<br \/>\nO que pode aprender com este presidente \u00fanico:<br \/>\n&#8211; As suas opini\u00f5es sobre lideran\u00e7a e inova\u00e7\u00e3o<br \/>\n&#8211; Como definir objectivos<br \/>\n&#8211; Aceitar e dominar a sua identidade<br \/>\n&#8211; Ultrapassar obst\u00e1culos<br \/>\n&#8211; Combater a desigualdade<br \/>\n&#8211; Tirar o melhor partido das redes sociais<\/p>\n","protected":false},"featured_media":7424,"template":"","meta":{"_monsterinsights_skip_tracking":false,"_monsterinsights_sitenote_active":false,"_monsterinsights_sitenote_note":"","_monsterinsights_sitenote_category":0},"product_cat":[173],"product_tag":[],"class_list":{"0":"post-7423","1":"product","2":"type-product","3":"status-publish","4":"has-post-thumbnail","6":"product_cat-biografias","7":"pa_book-author-daniel-smith","9":"first","10":"outofstock","11":"shipping-taxable","12":"purchasable","13":"product-type-simple"},"_links":{"self":[{"href":"https:\/\/mabuko.co.mz\/site\/index.php?rest_route=\/wp\/v2\/product\/7423","targetHints":{"allow":["GET"]}}],"collection":[{"href":"https:\/\/mabuko.co.mz\/site\/index.php?rest_route=\/wp\/v2\/product"}],"about":[{"href":"https:\/\/mabuko.co.mz\/site\/index.php?rest_route=\/wp\/v2\/types\/product"}],"wp:featuredmedia":[{"embeddable":true,"href":"https:\/\/mabuko.co.mz\/site\/index.php?rest_route=\/wp\/v2\/media\/7424"}],"wp:attachment":[{"href":"https:\/\/mabuko.co.mz\/site\/index.php?rest_route=%2Fwp%2Fv2%2Fmedia&parent=7423"}],"wp:term":[{"taxonomy":"product_cat","embeddable":true,"href":"https:\/\/mabuko.co.mz\/site\/index.php?rest_route=%2Fwp%2Fv2%2Fproduct_cat&post=7423"},{"taxonomy":"product_tag","embeddable":true,"href":"https:\/\/mabuko.co.mz\/site\/index.php?rest_route=%2Fwp%2Fv2%2Fproduct_tag&post=7423"}],"curies":[{"name":"wp","href":"https:\/\/api.w.org\/{rel}","templated":true}]}}