{"id":7421,"date":"2022-11-09T08:12:05","date_gmt":"2022-11-09T08:12:05","guid":{"rendered":"https:\/\/mabuko.co.mz\/?post_type=product&#038;p=7421"},"modified":"2023-01-11T13:37:51","modified_gmt":"2023-01-11T13:37:51","slug":"a-pilhagem-de-africa","status":"publish","type":"product","link":"https:\/\/mabuko.co.mz\/site\/?product=a-pilhagem-de-africa","title":{"rendered":"A PILHAGEM DE \u00c1FRICA"},"content":{"rendered":"<p>Tom Burgis<\/p>\n<p>9789898491435<\/p>\n","protected":false},"excerpt":{"rendered":"<p><strong>SINOPSE<\/strong><\/p>\n<p>\u00c1FRICA \u00e9 o continente mais pobre do mundo \u2014 e tamb\u00e9m o mais rico. Embora concentre apenas 2% do PIB mundial, alberga 15% das reservas de petr\u00f3leo, 40% do ouro e 80% da platina. No seu subsolo jaz um ter\u00e7o das reservas minerais do planeta. Mas o que poderia constituir a salva\u00e7\u00e3o do continente \u00e9, pelo contr\u00e1rio, uma maldi\u00e7\u00e3o. Os recursos naturais africanos t\u00eam sido alvo de uma pilhagem sistem\u00e1tica. A contrapartida do petr\u00f3leo e dos diamantes \u00e9 a corrup\u00e7\u00e3o, a viol\u00eancia e desigualdades sociais gritantes. Mas os benefici\u00e1rios deste saque, assim como as suas v\u00edtimas, t\u00eam nome. O crescimento acelerado de \u00c1frica \u00e9 induzido pela voracidade de recursos naturais por parte de economias emergentes como a chinesa, e alimentado por uma rede sombria de comerciantes, banqueiros e investidores dispostos a subornar as elites pol\u00edticas locais. Em A Pilhagem de \u00c1frica, Tom Burgis, premiado jornalista do Financial Times, conduz o leitor numa viagem emocionante e frequentemente chocante aos bastidores de uma nova forma de colonialismo. Ao longo de seis anos, o autor abra\u00e7ou uma miss\u00e3o atrav\u00e9s da qual se prop\u00f4s denunciar a corrup\u00e7\u00e3o e dar voz aos milh\u00f5es de cidad\u00e3os africanos que sofrem na pele esta maldi\u00e7\u00e3o. Aliando um trabalho aprofundado de investiga\u00e7\u00e3o a uma narrativa plena de ac\u00e7\u00e3o, o livro traz uma nova luz sobre os meandros de uma economia globalizada e a forma como a explora\u00e7\u00e3o das mat\u00e9rias-primas africanas concentra a riqueza e o poder nas m\u00e3os de poucos.<\/p>\n","protected":false},"featured_media":7422,"template":"","meta":{"_monsterinsights_skip_tracking":false,"_monsterinsights_sitenote_active":false,"_monsterinsights_sitenote_note":"","_monsterinsights_sitenote_category":0},"product_cat":[102],"product_tag":[],"class_list":{"0":"post-7421","1":"product","2":"type-product","3":"status-publish","4":"has-post-thumbnail","6":"product_cat-livros-tecnicos","7":"pa_book-author-tom-burgis","9":"first","10":"outofstock","11":"shipping-taxable","12":"purchasable","13":"product-type-simple"},"_links":{"self":[{"href":"https:\/\/mabuko.co.mz\/site\/index.php?rest_route=\/wp\/v2\/product\/7421","targetHints":{"allow":["GET"]}}],"collection":[{"href":"https:\/\/mabuko.co.mz\/site\/index.php?rest_route=\/wp\/v2\/product"}],"about":[{"href":"https:\/\/mabuko.co.mz\/site\/index.php?rest_route=\/wp\/v2\/types\/product"}],"wp:featuredmedia":[{"embeddable":true,"href":"https:\/\/mabuko.co.mz\/site\/index.php?rest_route=\/wp\/v2\/media\/7422"}],"wp:attachment":[{"href":"https:\/\/mabuko.co.mz\/site\/index.php?rest_route=%2Fwp%2Fv2%2Fmedia&parent=7421"}],"wp:term":[{"taxonomy":"product_cat","embeddable":true,"href":"https:\/\/mabuko.co.mz\/site\/index.php?rest_route=%2Fwp%2Fv2%2Fproduct_cat&post=7421"},{"taxonomy":"product_tag","embeddable":true,"href":"https:\/\/mabuko.co.mz\/site\/index.php?rest_route=%2Fwp%2Fv2%2Fproduct_tag&post=7421"}],"curies":[{"name":"wp","href":"https:\/\/api.w.org\/{rel}","templated":true}]}}