{"id":7418,"date":"2022-11-09T07:59:23","date_gmt":"2022-11-09T07:59:23","guid":{"rendered":"https:\/\/mabuko.co.mz\/?post_type=product&#038;p=7418"},"modified":"2023-01-11T13:38:33","modified_gmt":"2023-01-11T13:38:33","slug":"o-equilibrio-do-poder","status":"publish","type":"product","link":"https:\/\/mabuko.co.mz\/site\/?product=o-equilibrio-do-poder","title":{"rendered":"O EQUIL\u00cdBRIO DO PODER"},"content":{"rendered":"<p>James A. Robinson<\/p>\n<p>Daron Acemoglu<\/p>\n<p>9789896445089<\/p>\n","protected":false},"excerpt":{"rendered":"<p><strong>SINOPSE<\/strong><\/p>\n<p>Dos autores do bestseller internacional Porque Falham as Na\u00e7\u00f5es, uma nova obra crucial que responde \u00e0 pergunta \u00abporque floresce a liberdade em alguns Estados mas \u00e9 presa do autoritarismo e da anarquia noutros?\u00bb e que nos explica como podemos preservar a liberdade, apesar das novas amea\u00e7as que pesam sobre ela.<br \/>\nEm Porque Falham as Na\u00e7\u00f5es, Acemoglu e Robinson demonstraram que a ascens\u00e3o e a queda dos pa\u00edses dependem n\u00e3o da cultura, geografia ou acaso, mas do poder das institui\u00e7\u00f5es. No presente livro, constroem uma nova teoria sobre a liberdade e as formas de a alcan\u00e7ar, recorrendo a numerosos exemplos, tanto da actualidade como de v\u00e1rios per\u00edodos da hist\u00f3ria mundial.<\/p>\n","protected":false},"featured_media":7420,"template":"","meta":{"_monsterinsights_skip_tracking":false,"_monsterinsights_sitenote_active":false,"_monsterinsights_sitenote_note":"","_monsterinsights_sitenote_category":0},"product_cat":[102],"product_tag":[],"class_list":{"0":"post-7418","1":"product","2":"type-product","3":"status-publish","4":"has-post-thumbnail","6":"product_cat-livros-tecnicos","7":"pa_book-author-daron-acemoglu","8":"pa_book-author-james-a-robinson","10":"first","11":"outofstock","12":"shipping-taxable","13":"purchasable","14":"product-type-simple"},"_links":{"self":[{"href":"https:\/\/mabuko.co.mz\/site\/index.php?rest_route=\/wp\/v2\/product\/7418","targetHints":{"allow":["GET"]}}],"collection":[{"href":"https:\/\/mabuko.co.mz\/site\/index.php?rest_route=\/wp\/v2\/product"}],"about":[{"href":"https:\/\/mabuko.co.mz\/site\/index.php?rest_route=\/wp\/v2\/types\/product"}],"wp:featuredmedia":[{"embeddable":true,"href":"https:\/\/mabuko.co.mz\/site\/index.php?rest_route=\/wp\/v2\/media\/7420"}],"wp:attachment":[{"href":"https:\/\/mabuko.co.mz\/site\/index.php?rest_route=%2Fwp%2Fv2%2Fmedia&parent=7418"}],"wp:term":[{"taxonomy":"product_cat","embeddable":true,"href":"https:\/\/mabuko.co.mz\/site\/index.php?rest_route=%2Fwp%2Fv2%2Fproduct_cat&post=7418"},{"taxonomy":"product_tag","embeddable":true,"href":"https:\/\/mabuko.co.mz\/site\/index.php?rest_route=%2Fwp%2Fv2%2Fproduct_tag&post=7418"}],"curies":[{"name":"wp","href":"https:\/\/api.w.org\/{rel}","templated":true}]}}