{"id":7414,"date":"2022-11-09T07:33:42","date_gmt":"2022-11-09T07:33:42","guid":{"rendered":"https:\/\/mabuko.co.mz\/?post_type=product&#038;p=7414"},"modified":"2024-08-22T10:21:05","modified_gmt":"2024-08-22T10:21:05","slug":"tempestade-de-guerra-2","status":"publish","type":"product","link":"https:\/\/mabuko.co.mz\/site\/?product=tempestade-de-guerra-2","title":{"rendered":"TEMPESTADE DE GUERRA 2"},"content":{"rendered":"<p>Victoria Aveyard<\/p>\n<p>9789897731778<\/p>\n","protected":false},"excerpt":{"rendered":"<p><strong>SINOPSE<\/strong><\/p>\n<p>No t\u00e3o aguardado desfecho desta s\u00e9rie, qual o poder que vencer\u00e1 depois de a tempestade de guerra passar?<br \/>\nA trai\u00e7\u00e3o praticamente destruiu Mare Barrow, e a jovem n\u00e3o olha a meios para derrubar o governo de Norta e retirar a Maven o poder que este det\u00e9m. Avizinha-se uma longa e dura batalha. Mas nenhuma guerra pode ser vencida sem ajuda, e Mare v\u00ea-se obrigada a aliar-se ao jovem que partiu o seu cora\u00e7\u00e3o para derrotar aquele que quase a destruiu. Os poderosos aliados Prateados de Cal, juntamente com Mare e a Guarda Escarlate, provam ser uma for\u00e7a imbat\u00edvel. Mas Maven \u00e9 guiado por uma obsess\u00e3o profunda e far\u00e1 qualquer coisa para ter Mare de volta, mesmo que isso signifique destruir todos os que se atravessem no seu caminho.<br \/>\nNa segunda parte da conclus\u00e3o desta extraordin\u00e1ria s\u00e9rie, a guerra aproxima-se e tudo aquilo por que Mare lutou est\u00e1 em suspenso. Ser\u00e1 a vit\u00f3ria suficiente para derrubar os Prateados?<\/p>\n","protected":false},"featured_media":7415,"template":"","meta":{"_monsterinsights_skip_tracking":false,"_monsterinsights_sitenote_active":false,"_monsterinsights_sitenote_note":"","_monsterinsights_sitenote_category":0},"product_cat":[103],"product_tag":[],"class_list":{"0":"post-7414","1":"product","2":"type-product","3":"status-publish","4":"has-post-thumbnail","6":"product_cat-literatura","7":"pa_book-author-victoria-aveyard","9":"first","10":"instock","11":"shipping-taxable","12":"purchasable","13":"product-type-simple"},"_links":{"self":[{"href":"https:\/\/mabuko.co.mz\/site\/index.php?rest_route=\/wp\/v2\/product\/7414","targetHints":{"allow":["GET"]}}],"collection":[{"href":"https:\/\/mabuko.co.mz\/site\/index.php?rest_route=\/wp\/v2\/product"}],"about":[{"href":"https:\/\/mabuko.co.mz\/site\/index.php?rest_route=\/wp\/v2\/types\/product"}],"wp:featuredmedia":[{"embeddable":true,"href":"https:\/\/mabuko.co.mz\/site\/index.php?rest_route=\/wp\/v2\/media\/7415"}],"wp:attachment":[{"href":"https:\/\/mabuko.co.mz\/site\/index.php?rest_route=%2Fwp%2Fv2%2Fmedia&parent=7414"}],"wp:term":[{"taxonomy":"product_cat","embeddable":true,"href":"https:\/\/mabuko.co.mz\/site\/index.php?rest_route=%2Fwp%2Fv2%2Fproduct_cat&post=7414"},{"taxonomy":"product_tag","embeddable":true,"href":"https:\/\/mabuko.co.mz\/site\/index.php?rest_route=%2Fwp%2Fv2%2Fproduct_tag&post=7414"}],"curies":[{"name":"wp","href":"https:\/\/api.w.org\/{rel}","templated":true}]}}