{"id":7410,"date":"2022-11-09T07:25:41","date_gmt":"2022-11-09T07:25:41","guid":{"rendered":"https:\/\/mabuko.co.mz\/?post_type=product&#038;p=7410"},"modified":"2023-01-11T13:42:22","modified_gmt":"2023-01-11T13:42:22","slug":"espada-de-vidro","status":"publish","type":"product","link":"https:\/\/mabuko.co.mz\/site\/?product=espada-de-vidro","title":{"rendered":"ESPADA DE VIDRO"},"content":{"rendered":"<p>Victoria Aveyard<\/p>\n<p>9789897730818<\/p>\n","protected":false},"excerpt":{"rendered":"<p><strong>SINOPSE<\/strong><\/p>\n<p>O novo e eletrificante cap\u00edtulo da s\u00e9rie Rainha Vermelha intensifica a luta de Mare Barrow contra a escurid\u00e3o que cresceu na sua alma\u2026 O sangue de Mare Barrow \u00e9 vermelho mas a sua capacidade Prateada, o poder de controlar os rel\u00e2mpagos, transformou-a numa arma que a corte real tenta controlar. A coroa acusa-a de ser uma farsa, mas quando ela foge do pr\u00edncipe Maven &#8211; o amigo que a traiu -, Mare faz uma descoberta surpreendente: ela n\u00e3o \u00e9 a \u00fanica da sua esp\u00e9cie.<br \/>\nPerseguida por Maven, Mare parte para descobrir e recrutar outros combatentes Vermelhos e Prateados que se juntem \u00e0 batalha contra os seus opressores. Mas Mare encontra-se num caminho mort\u00edfero, em risco de se tornar exatamente no tipo de monstro que est\u00e1 a tentar derrotar. Ser\u00e1 que ela vai ceder sob o peso das vidas exigidas pela rebeli\u00e3o? Ou a trai\u00e7\u00e3o e a deslealdade t\u00ea-la-\u00e3o endurecido para sempre?<\/p>\n","protected":false},"featured_media":7413,"template":"","meta":{"_monsterinsights_skip_tracking":false,"_monsterinsights_sitenote_active":false,"_monsterinsights_sitenote_note":"","_monsterinsights_sitenote_category":0},"product_cat":[103],"product_tag":[],"class_list":{"0":"post-7410","1":"product","2":"type-product","3":"status-publish","4":"has-post-thumbnail","6":"product_cat-literatura","7":"pa_book-author-victoria-aveyard","9":"first","10":"outofstock","11":"shipping-taxable","12":"purchasable","13":"product-type-simple"},"_links":{"self":[{"href":"https:\/\/mabuko.co.mz\/site\/index.php?rest_route=\/wp\/v2\/product\/7410","targetHints":{"allow":["GET"]}}],"collection":[{"href":"https:\/\/mabuko.co.mz\/site\/index.php?rest_route=\/wp\/v2\/product"}],"about":[{"href":"https:\/\/mabuko.co.mz\/site\/index.php?rest_route=\/wp\/v2\/types\/product"}],"wp:featuredmedia":[{"embeddable":true,"href":"https:\/\/mabuko.co.mz\/site\/index.php?rest_route=\/wp\/v2\/media\/7413"}],"wp:attachment":[{"href":"https:\/\/mabuko.co.mz\/site\/index.php?rest_route=%2Fwp%2Fv2%2Fmedia&parent=7410"}],"wp:term":[{"taxonomy":"product_cat","embeddable":true,"href":"https:\/\/mabuko.co.mz\/site\/index.php?rest_route=%2Fwp%2Fv2%2Fproduct_cat&post=7410"},{"taxonomy":"product_tag","embeddable":true,"href":"https:\/\/mabuko.co.mz\/site\/index.php?rest_route=%2Fwp%2Fv2%2Fproduct_tag&post=7410"}],"curies":[{"name":"wp","href":"https:\/\/api.w.org\/{rel}","templated":true}]}}