{"id":7408,"date":"2022-11-09T07:15:41","date_gmt":"2022-11-09T07:15:41","guid":{"rendered":"https:\/\/mabuko.co.mz\/?post_type=product&#038;p=7408"},"modified":"2023-01-11T13:43:06","modified_gmt":"2023-01-11T13:43:06","slug":"rainha-vermelha-livro-1","status":"publish","type":"product","link":"https:\/\/mabuko.co.mz\/site\/?product=rainha-vermelha-livro-1","title":{"rendered":"RAINHA VERMELHA &#8211; Livro 1"},"content":{"rendered":"<p>Victoria Aveyard<\/p>\n<p>9789896378486<\/p>\n","protected":false},"excerpt":{"rendered":"<p><strong>SINOPSE<\/strong><\/p>\n<div class=\"prod-synopsis has-padding-bottom\">\n<p>O mundo de Mare, uma rapariga de dezassete anos, divide-se pelo sangue: os plebeus de sangue vermelho e a elite de sangue prateado, dotados de capacidades sobrenaturais. Mare faz parte da plebe, os Vermelhos, sobrevivendo como ladra numa aldeia pobre, at\u00e9 que o destino a atrai\u00e7oa na pr\u00f3pria corte Prateada. Perante o rei, os pr\u00edncipes e nobres, Mare descobre que tem um poder impens\u00e1vel, somente acess\u00edvel aos Prateados.Para n\u00e3o avivar os \u00e2nimos e desencadear revoltas, o rei for\u00e7a-a a desempenhar o papel de uma princesa Prateada perdida pelo destino, prometendo-a como noiva a um dos seus filhos. \u00c0 medida que Mare vai mergulhando no mundo inacess\u00edvel dos Prateados, arrisca tudo e usa a sua nova posi\u00e7\u00e3o para auxiliar a Guarda Escarlate &#8211; uma rebeli\u00e3o dos Vermelhos &#8211; mesmo que o seu cora\u00e7\u00e3o dite um rumo diferente.A sua morte est\u00e1 sempre ao virar da esquina, mas neste perigoso jogo, a \u00fanica certeza \u00e9 a trai\u00e7\u00e3o num pal\u00e1cio cheio de intrigas. Ser\u00e1 que o poder de Mare a salva&#8230; ou condena?<\/p>\n<\/div>\n","protected":false},"featured_media":7409,"template":"","meta":{"_monsterinsights_skip_tracking":false,"_monsterinsights_sitenote_active":false,"_monsterinsights_sitenote_note":"","_monsterinsights_sitenote_category":0},"product_cat":[103],"product_tag":[],"class_list":{"0":"post-7408","1":"product","2":"type-product","3":"status-publish","4":"has-post-thumbnail","6":"product_cat-literatura","7":"pa_book-author-victoria-aveyard","9":"first","10":"outofstock","11":"shipping-taxable","12":"purchasable","13":"product-type-simple"},"_links":{"self":[{"href":"https:\/\/mabuko.co.mz\/site\/index.php?rest_route=\/wp\/v2\/product\/7408","targetHints":{"allow":["GET"]}}],"collection":[{"href":"https:\/\/mabuko.co.mz\/site\/index.php?rest_route=\/wp\/v2\/product"}],"about":[{"href":"https:\/\/mabuko.co.mz\/site\/index.php?rest_route=\/wp\/v2\/types\/product"}],"wp:featuredmedia":[{"embeddable":true,"href":"https:\/\/mabuko.co.mz\/site\/index.php?rest_route=\/wp\/v2\/media\/7409"}],"wp:attachment":[{"href":"https:\/\/mabuko.co.mz\/site\/index.php?rest_route=%2Fwp%2Fv2%2Fmedia&parent=7408"}],"wp:term":[{"taxonomy":"product_cat","embeddable":true,"href":"https:\/\/mabuko.co.mz\/site\/index.php?rest_route=%2Fwp%2Fv2%2Fproduct_cat&post=7408"},{"taxonomy":"product_tag","embeddable":true,"href":"https:\/\/mabuko.co.mz\/site\/index.php?rest_route=%2Fwp%2Fv2%2Fproduct_tag&post=7408"}],"curies":[{"name":"wp","href":"https:\/\/api.w.org\/{rel}","templated":true}]}}