{"id":7405,"date":"2022-11-08T14:24:21","date_gmt":"2022-11-08T14:24:21","guid":{"rendered":"https:\/\/mabuko.co.mz\/?post_type=product&#038;p=7405"},"modified":"2024-01-10T09:40:00","modified_gmt":"2024-01-10T09:40:00","slug":"os-irmaos-karamazov","status":"publish","type":"product","link":"https:\/\/mabuko.co.mz\/site\/?product=os-irmaos-karamazov","title":{"rendered":"OS IRM\u00c3OS KARAM\u00c1ZOV"},"content":{"rendered":"<p>Fi\u00f3dor Dostoi\u00e9vski<\/p>\n<p>9789897731129<\/p>\n","protected":false},"excerpt":{"rendered":"<p><strong>SINOPSE<\/strong><\/p>\n<p>A maior obra da Hist\u00f3ria.<br \/>\nSigmund Freud<br \/>\nOs Irm\u00e3os Karam\u00e1zov foi um dos \u00faltimos livros escritos por Dostoi\u00e9vski e \u00e9 uma das suas obras-primas. Considerado por muitos um romance filos\u00f3fico, nesta apaixonante hist\u00f3ria o autor explora as quest\u00f5es existenciais da f\u00e9 religiosa e da d\u00favida, do livre-arb\u00edtrio e da moralidade.<br \/>\nCom a fam\u00edlia Karam\u00e1zov, atrav\u00e9s dos seus dramas, mist\u00e9rios e tri\u00e2ngulos amorosos, Dostoi\u00e9vski retrata a R\u00fassia do s\u00e9culo XIX naquela que foi a idade de ouro e um ponto de viragem tr\u00e1gico na cultura russa.<\/p>\n","protected":false},"featured_media":7406,"template":"","meta":{"_monsterinsights_skip_tracking":false,"_monsterinsights_sitenote_active":false,"_monsterinsights_sitenote_note":"","_monsterinsights_sitenote_category":0},"product_cat":[105],"product_tag":[],"class_list":{"0":"post-7405","1":"product","2":"type-product","3":"status-publish","4":"has-post-thumbnail","6":"product_cat-romance","7":"pa_book-author-fiodor-dostoievski","9":"first","10":"instock","11":"shipping-taxable","12":"purchasable","13":"product-type-simple"},"_links":{"self":[{"href":"https:\/\/mabuko.co.mz\/site\/index.php?rest_route=\/wp\/v2\/product\/7405","targetHints":{"allow":["GET"]}}],"collection":[{"href":"https:\/\/mabuko.co.mz\/site\/index.php?rest_route=\/wp\/v2\/product"}],"about":[{"href":"https:\/\/mabuko.co.mz\/site\/index.php?rest_route=\/wp\/v2\/types\/product"}],"wp:featuredmedia":[{"embeddable":true,"href":"https:\/\/mabuko.co.mz\/site\/index.php?rest_route=\/wp\/v2\/media\/7406"}],"wp:attachment":[{"href":"https:\/\/mabuko.co.mz\/site\/index.php?rest_route=%2Fwp%2Fv2%2Fmedia&parent=7405"}],"wp:term":[{"taxonomy":"product_cat","embeddable":true,"href":"https:\/\/mabuko.co.mz\/site\/index.php?rest_route=%2Fwp%2Fv2%2Fproduct_cat&post=7405"},{"taxonomy":"product_tag","embeddable":true,"href":"https:\/\/mabuko.co.mz\/site\/index.php?rest_route=%2Fwp%2Fv2%2Fproduct_tag&post=7405"}],"curies":[{"name":"wp","href":"https:\/\/api.w.org\/{rel}","templated":true}]}}