{"id":7403,"date":"2022-11-08T14:17:43","date_gmt":"2022-11-08T14:17:43","guid":{"rendered":"https:\/\/mabuko.co.mz\/?post_type=product&#038;p=7403"},"modified":"2023-01-11T13:44:30","modified_gmt":"2023-01-11T13:44:30","slug":"pensar-como-nelson-mandela","status":"publish","type":"product","link":"https:\/\/mabuko.co.mz\/site\/?product=pensar-como-nelson-mandela","title":{"rendered":"PENSAR COMO NELSON MANDELA"},"content":{"rendered":"<p><span data-width=\"\">Daniel Smith\u00a0<\/span><\/p>\n<p>9789896684389<\/p>\n","protected":false},"excerpt":{"rendered":"<p><strong>SINOPSE<\/strong><\/p>\n<p>Biografia inspiradora do maior s\u00edmbolo de sempre da luta contra o Apartheid. Figura incontorn\u00e1vel da Hist\u00f3ria Mundial, Nelson Mandela dedicou grande parte da sua vida a combater o apartheid na Africa do Sul. Uma luta que o levaria \u00e0 pris\u00e3o mas que acabou por culminar na vit\u00f3ria do ANC nas primeiras elei\u00e7\u00f5es livres e conduzir Mandela \u00e0 presid\u00eancia do pa\u00eds. Inspire-se com o impressionante percurso de Mandela e aprenda a n\u00e3o desistir dos seus sonhos. L\u00edder carism\u00e1tico do ANC (Congresso Nacional Africano), lutou durante d\u00e9cadas contra o regime do apartheid e, depois de 27 anos de pris\u00e3o, tornou-se o primeiro presidente negro de um pa\u00eds livre de divis\u00f5es raciais. Um dos mais respeitados l\u00edderes dos tempos modernos, Nelson Mandela inspirou gera\u00e7\u00f5es de pol\u00edticos, pensadores e cidad\u00e3os comuns um pouco por todo o mundo. Este livro inspiracional re\u00fane os ideais e filosofias de Mandela e revela como estes podem ser aplicados a todas as \u00e1reas da sua vida. Vai ficar a saber o que inspirou este grande homem e conhecer a hist\u00f3ria extraordin\u00e1ria da vida e obra de Mandela, que o fez chegar ao ep\u00edteto de pai da moderna na\u00e7\u00e3o sul-africana. \u00abQue a vida de Nelson Mandela ao servi\u00e7o dos outros e o seu inabal\u00e1vel empenho pela igualdade, reconcilia\u00e7\u00e3o, e dignidade humana continuem a ser um farol para cada gera\u00e7\u00e3o futura em busca de um mundo mais pr\u00f3spero e mais justo.\u00bb \u2014 Barack Obama<\/p>\n","protected":false},"featured_media":7404,"template":"","meta":{"_monsterinsights_skip_tracking":false,"_monsterinsights_sitenote_active":false,"_monsterinsights_sitenote_note":"","_monsterinsights_sitenote_category":0},"product_cat":[173],"product_tag":[],"class_list":{"0":"post-7403","1":"product","2":"type-product","3":"status-publish","4":"has-post-thumbnail","6":"product_cat-biografias","7":"pa_book-author-daniel-smith","9":"first","10":"outofstock","11":"shipping-taxable","12":"purchasable","13":"product-type-simple"},"_links":{"self":[{"href":"https:\/\/mabuko.co.mz\/site\/index.php?rest_route=\/wp\/v2\/product\/7403","targetHints":{"allow":["GET"]}}],"collection":[{"href":"https:\/\/mabuko.co.mz\/site\/index.php?rest_route=\/wp\/v2\/product"}],"about":[{"href":"https:\/\/mabuko.co.mz\/site\/index.php?rest_route=\/wp\/v2\/types\/product"}],"wp:featuredmedia":[{"embeddable":true,"href":"https:\/\/mabuko.co.mz\/site\/index.php?rest_route=\/wp\/v2\/media\/7404"}],"wp:attachment":[{"href":"https:\/\/mabuko.co.mz\/site\/index.php?rest_route=%2Fwp%2Fv2%2Fmedia&parent=7403"}],"wp:term":[{"taxonomy":"product_cat","embeddable":true,"href":"https:\/\/mabuko.co.mz\/site\/index.php?rest_route=%2Fwp%2Fv2%2Fproduct_cat&post=7403"},{"taxonomy":"product_tag","embeddable":true,"href":"https:\/\/mabuko.co.mz\/site\/index.php?rest_route=%2Fwp%2Fv2%2Fproduct_tag&post=7403"}],"curies":[{"name":"wp","href":"https:\/\/api.w.org\/{rel}","templated":true}]}}