{"id":7400,"date":"2022-11-08T14:12:15","date_gmt":"2022-11-08T14:12:15","guid":{"rendered":"https:\/\/mabuko.co.mz\/?post_type=product&#038;p=7400"},"modified":"2023-01-11T13:45:49","modified_gmt":"2023-01-11T13:45:49","slug":"mocambique-guerra-secreta-1965-1974","status":"publish","type":"product","link":"https:\/\/mabuko.co.mz\/site\/?product=mocambique-guerra-secreta-1965-1974","title":{"rendered":"MO\u00c7AMBIQUE GUERRA SECRETA 1965-1974"},"content":{"rendered":"<p>Ant\u00f3nio Gomes Lopes<\/p>\n<p>9789892077901<\/p>\n","protected":false},"excerpt":{"rendered":"<p><strong>SINOPSE<\/strong><\/p>\n<p>O Autor presta um bom servi\u00e7o a todos que procuram desvendar um conjunto de explica\u00e7\u00f5es, sobre alguns assuntos da guerra em Mo\u00e7ambique que sempre levantaram d\u00favidas, sobre o comportamento das nossas for\u00e7as de seguran\u00e7a. Fornece informa\u00e7\u00f5es organizadas e completas, sobre casos fundamentais da estrat\u00e9gia nacional e disponibiliza-as com a compet\u00eancia e autoridade, de quem conhe\u00e7a os factos na sua totalidade. Em guerrilha a informa\u00e7\u00e3o \u00e9 a arma fundamental &#8211; mas a informa\u00e7\u00e3o \u00e9 secreta e inacess\u00edvel para a generalidade da popula\u00e7\u00e3o e nomeadamente quando a maioria se encontra a 2 mil kms do teatro-de-opera\u00e7\u00f5es e onde a presen\u00e7a da contrainforma\u00e7\u00e3o \u00e9 not\u00f3ria.&#8221; Nestas situa\u00e7\u00f5es, o importante \u00e9 perceber toda a dimens\u00e3o do conflito, mas para isso, para a coes\u00e3o da popula\u00e7\u00e3o, n\u00e3o pode haver demasiados aspectos secretos e considero este o maior dilema que entravou a solu\u00e7\u00e3o. Este livro mostra o que tanto portugueses europeus, asi\u00e1ticos, africanos e \u00e1rabes, tiveram um comportamento b\u00e1sico comum. Eles estavam na guerra por amor a Portugal e a preocupa\u00e7\u00e3o era com o Pa\u00eds: produzir e poupar. N\u00e3o os movia a pol\u00edtica, n\u00e3o procuravam o enriquecimento r\u00e1pido, era o futuro deles e dos seus filhos que estavam em causa. Este \u00e9 tamb\u00e9m um desmentido verdadeiro, de que Portugal nunca quis negociar: desde Goa que se procuraram solu\u00e7\u00f5es alternativas. \u00c9 um desmontar da narrativa que se construiu [&#8230;], feita por quem esteve com compet\u00eancia, presencialmente, a acompanhar os factos mais quentes da guerra secreta. Prof. Dr. Eug\u00e9nio do Canto Brand\u00e3o<\/p>\n","protected":false},"featured_media":7401,"template":"","meta":{"_monsterinsights_skip_tracking":false,"_monsterinsights_sitenote_active":false,"_monsterinsights_sitenote_note":"","_monsterinsights_sitenote_category":0},"product_cat":[319],"product_tag":[],"class_list":{"0":"post-7400","1":"product","2":"type-product","3":"status-publish","4":"has-post-thumbnail","6":"product_cat-literatura-mocambicana","7":"pa_book-author-antonio-gomes-lopes","9":"first","10":"outofstock","11":"shipping-taxable","12":"purchasable","13":"product-type-simple"},"_links":{"self":[{"href":"https:\/\/mabuko.co.mz\/site\/index.php?rest_route=\/wp\/v2\/product\/7400","targetHints":{"allow":["GET"]}}],"collection":[{"href":"https:\/\/mabuko.co.mz\/site\/index.php?rest_route=\/wp\/v2\/product"}],"about":[{"href":"https:\/\/mabuko.co.mz\/site\/index.php?rest_route=\/wp\/v2\/types\/product"}],"wp:featuredmedia":[{"embeddable":true,"href":"https:\/\/mabuko.co.mz\/site\/index.php?rest_route=\/wp\/v2\/media\/7401"}],"wp:attachment":[{"href":"https:\/\/mabuko.co.mz\/site\/index.php?rest_route=%2Fwp%2Fv2%2Fmedia&parent=7400"}],"wp:term":[{"taxonomy":"product_cat","embeddable":true,"href":"https:\/\/mabuko.co.mz\/site\/index.php?rest_route=%2Fwp%2Fv2%2Fproduct_cat&post=7400"},{"taxonomy":"product_tag","embeddable":true,"href":"https:\/\/mabuko.co.mz\/site\/index.php?rest_route=%2Fwp%2Fv2%2Fproduct_tag&post=7400"}],"curies":[{"name":"wp","href":"https:\/\/api.w.org\/{rel}","templated":true}]}}