{"id":7398,"date":"2022-11-08T14:04:35","date_gmt":"2022-11-08T14:04:35","guid":{"rendered":"https:\/\/mabuko.co.mz\/?post_type=product&#038;p=7398"},"modified":"2023-01-11T13:46:32","modified_gmt":"2023-01-11T13:46:32","slug":"pensar-como-stephen-hawking","status":"publish","type":"product","link":"https:\/\/mabuko.co.mz\/site\/?product=pensar-como-stephen-hawking","title":{"rendered":"PENSAR COMO STEPHEN HAWKING"},"content":{"rendered":"<p>Pedro Aniceto Daniel Smith<\/p>\n<p>9789898855114<\/p>\n","protected":false},"excerpt":{"rendered":"<p><strong>SINOPSE<\/strong><\/p>\n<p>Como poder\u00e1 voc\u00ea inspirar-se no cientista mais c\u00e9lebre da actualidade? Stephen Hawking \u00e9 um dos mais consagrados cientistas de sempre. O trabalho not\u00e1vel que tem desenvolvido ao longo dos anos na \u00e1rea da cosmologia contribuiu para uma melhor compreens\u00e3o sobre o funcionamento dos buracos negros, tendo as suas teorias mudado a forma como vemos o Universo. Muitas das suas teses t\u00eam desafiado o mundo cient\u00edfico e, sobretudo, posto em causa a pr\u00f3pria no\u00e7\u00e3o do tempo e a exist\u00eancia de um deus. Hawking tornou-se famoso pelo seu trabalho, mas a sua celebridade deve-se tamb\u00e9m \u00e0 batalha que tem travado contra a esclerose lateral amiotr\u00f3fica, uma doen\u00e7a degenerativa e incur\u00e1vel que o confinou a uma cadeira de rodas a maior parte da sua vida. Descubra como uma mente extraordin\u00e1ria encarcerada num corpo fr\u00e1gil enfrentou todas as adversidades, mostrando-nos como tudo \u00e9 realmente poss\u00edvel.<\/p>\n","protected":false},"featured_media":7399,"template":"","meta":{"_monsterinsights_skip_tracking":false,"_monsterinsights_sitenote_active":false,"_monsterinsights_sitenote_note":"","_monsterinsights_sitenote_category":0},"product_cat":[173],"product_tag":[],"class_list":{"0":"post-7398","1":"product","2":"type-product","3":"status-publish","4":"has-post-thumbnail","6":"product_cat-biografias","7":"pa_book-author-daniel-smith","9":"first","10":"outofstock","11":"shipping-taxable","12":"purchasable","13":"product-type-simple"},"_links":{"self":[{"href":"https:\/\/mabuko.co.mz\/site\/index.php?rest_route=\/wp\/v2\/product\/7398","targetHints":{"allow":["GET"]}}],"collection":[{"href":"https:\/\/mabuko.co.mz\/site\/index.php?rest_route=\/wp\/v2\/product"}],"about":[{"href":"https:\/\/mabuko.co.mz\/site\/index.php?rest_route=\/wp\/v2\/types\/product"}],"wp:featuredmedia":[{"embeddable":true,"href":"https:\/\/mabuko.co.mz\/site\/index.php?rest_route=\/wp\/v2\/media\/7399"}],"wp:attachment":[{"href":"https:\/\/mabuko.co.mz\/site\/index.php?rest_route=%2Fwp%2Fv2%2Fmedia&parent=7398"}],"wp:term":[{"taxonomy":"product_cat","embeddable":true,"href":"https:\/\/mabuko.co.mz\/site\/index.php?rest_route=%2Fwp%2Fv2%2Fproduct_cat&post=7398"},{"taxonomy":"product_tag","embeddable":true,"href":"https:\/\/mabuko.co.mz\/site\/index.php?rest_route=%2Fwp%2Fv2%2Fproduct_tag&post=7398"}],"curies":[{"name":"wp","href":"https:\/\/api.w.org\/{rel}","templated":true}]}}