{"id":7396,"date":"2022-11-08T13:52:56","date_gmt":"2022-11-08T13:52:56","guid":{"rendered":"https:\/\/mabuko.co.mz\/?post_type=product&#038;p=7396"},"modified":"2023-01-11T13:47:53","modified_gmt":"2023-01-11T13:47:53","slug":"protege-me","status":"publish","type":"product","link":"https:\/\/mabuko.co.mz\/site\/?product=protege-me","title":{"rendered":"PROTEGE-ME"},"content":{"rendered":"<p>Maya Banks<\/p>\n<p>9789898839343<\/p>\n","protected":false},"excerpt":{"rendered":"<p><strong>SINOPSE<\/strong><\/p>\n<p>\u00ab\u00c9 agora que digo: &#8220;Desculpa, querido, tenho uma dor de cabe\u00e7a&#8221;? \u2014 perguntou Ramie num tom sonolento. Ela bocejou amplamente, sentindo o maxilar estalar com o esfor\u00e7o antes de encostar novamente a face contra o peito nu de Caleb, aninhando-se, sonolenta, nos seus bra\u00e7os. Ele riu-se suavemente e passeou a m\u00e3o pelo arco esbelto do corpo dela. A pele de Ramie era macia como a de um beb\u00e9, seda da melhor qualidade. Ele estava a gostar bastante do simples prazer de a tocar, de a ter nos seus bra\u00e7os e na sua cama. Virou a cabe\u00e7a o suficiente para pressionar os l\u00e1bios contra a testa dela, junto \u00e0 linha do cabelo. \u2014 Vou deixar passar. Desta vez \u2014 disse, divertido. De repente, apercebeu-se de que, durante alguns momentos roubados, tudo estava calmo. Em paz. Sem intrus\u00f5es do mundo exterior. A intimidade envolvia-os no seu abra\u00e7o suave. \u2014 Como est\u00e1 a cabe\u00e7a? \u2014 perguntou ele, passando os dedos pelos carac\u00f3is que se espalhavam pelo ombro dela. \u2014 Melhor? Ela bocejou novamente e acenou com a cabe\u00e7a, esfregando a face no peito dele. Caleb gostava dela ali, nos seus bra\u00e7os, quente, doce e satisfeita. Era ali que ela pertencia, quer o reconhecesse prontamente ou n\u00e3o. Ele podia ser um homem paciente quando a recompensa valia a pena, e o cora\u00e7\u00e3o e a confian\u00e7a de Ramie valiam completamente qualquer grau de paci\u00eancia que ele fosse forcado a exercer na sua miss\u00e3o para selar aquele rec\u00e9m-formado relacionamento.\u00bb<\/p>\n","protected":false},"featured_media":7397,"template":"","meta":{"_monsterinsights_skip_tracking":false,"_monsterinsights_sitenote_active":false,"_monsterinsights_sitenote_note":"","_monsterinsights_sitenote_category":0},"product_cat":[105],"product_tag":[],"class_list":{"0":"post-7396","1":"product","2":"type-product","3":"status-publish","4":"has-post-thumbnail","6":"product_cat-romance","7":"pa_book-author-maya-banks","9":"first","10":"outofstock","11":"shipping-taxable","12":"purchasable","13":"product-type-simple"},"_links":{"self":[{"href":"https:\/\/mabuko.co.mz\/site\/index.php?rest_route=\/wp\/v2\/product\/7396","targetHints":{"allow":["GET"]}}],"collection":[{"href":"https:\/\/mabuko.co.mz\/site\/index.php?rest_route=\/wp\/v2\/product"}],"about":[{"href":"https:\/\/mabuko.co.mz\/site\/index.php?rest_route=\/wp\/v2\/types\/product"}],"wp:featuredmedia":[{"embeddable":true,"href":"https:\/\/mabuko.co.mz\/site\/index.php?rest_route=\/wp\/v2\/media\/7397"}],"wp:attachment":[{"href":"https:\/\/mabuko.co.mz\/site\/index.php?rest_route=%2Fwp%2Fv2%2Fmedia&parent=7396"}],"wp:term":[{"taxonomy":"product_cat","embeddable":true,"href":"https:\/\/mabuko.co.mz\/site\/index.php?rest_route=%2Fwp%2Fv2%2Fproduct_cat&post=7396"},{"taxonomy":"product_tag","embeddable":true,"href":"https:\/\/mabuko.co.mz\/site\/index.php?rest_route=%2Fwp%2Fv2%2Fproduct_tag&post=7396"}],"curies":[{"name":"wp","href":"https:\/\/api.w.org\/{rel}","templated":true}]}}