{"id":7392,"date":"2022-11-08T13:27:57","date_gmt":"2022-11-08T13:27:57","guid":{"rendered":"https:\/\/mabuko.co.mz\/?post_type=product&#038;p=7392"},"modified":"2023-01-10T14:40:12","modified_gmt":"2023-01-10T14:40:12","slug":"historias-de-loucura-normal","status":"publish","type":"product","link":"https:\/\/mabuko.co.mz\/site\/?product=historias-de-loucura-normal","title":{"rendered":"HIST\u00d3RIAS DE LOUCURA NORMAL"},"content":{"rendered":"<p>Charles Bukowski<\/p>\n<p>9789897846120<\/p>\n","protected":false},"excerpt":{"rendered":"<p><strong>SINOPSE<\/strong><\/p>\n<p align=\"justify\">Estas hist\u00f3rias, inspiradas na pr\u00f3pria vida do autor, s\u00e3o t\u00e3o selvagens e inusitadas quanto as hist\u00f3rias dos seus romances.<\/p>\n<p align=\"justify\">Bukowski foi uma lenda no seu tempo e um vision\u00e1rio para aqueles que se lhe seguiram. Louco, recluso, amante. Af\u00e1vel e mesquinho. L\u00facido e insano. Sempre inesperado.<\/p>\n<p align=\"justify\">As excepcionais Hist\u00f3rias de loucura normal v\u00eam directas do \u00e2mago de uma vida, a que ele mesmo viveu, marcada pela viol\u00eancia e pela deprava\u00e7\u00e3o. Hist\u00f3rias de liberdade, t\u00e3o profanas quanto sagradas.<\/p>\n<p align=\"justify\">Da prostitui\u00e7\u00e3o \u00e0 m\u00fasica cl\u00e1ssica, Bukowski tra\u00e7a neste livro um retrato irado, apesar de terno, bem-humorado e inquietante, da vida marginal de Los Angeles, uma realidade obscura e perigosa que emoldurou a vida de um dos maiores escritores de culto do s\u00e9culo XX.<\/p>\n<p align=\"justify\">Hist\u00f3rias, afinal, da loucura que espreita dentro de cada um de n\u00f3s, que faz do corpo uma marioneta e que n\u00e3o desaparece sen\u00e3o com a morte.<\/p>\n<p align=\"justify\">\u00abUm agitador profissional, representante da marginalidade de Los Angeles&#8230; Com uma insist\u00eancia louca e rom\u00e2ntica, Bukowski escreve que os falhados s\u00e3o menos falsos que os vencedores. E f\u00e1-lo com uma intensa compaix\u00e3o pelas almas perdidas.\u00bb Newsweek<\/p>\n<p align=\"justify\">\u00abRealismo sem artif\u00edcios, do padrinho da literatura marginal.\u00bb<\/p>\n","protected":false},"featured_media":7394,"template":"","meta":{"_monsterinsights_skip_tracking":false,"_monsterinsights_sitenote_active":false,"_monsterinsights_sitenote_note":"","_monsterinsights_sitenote_category":0},"product_cat":[105],"product_tag":[],"class_list":{"0":"post-7392","1":"product","2":"type-product","3":"status-publish","4":"has-post-thumbnail","6":"product_cat-romance","7":"pa_book-author-charles-bukowski","9":"first","10":"outofstock","11":"shipping-taxable","12":"purchasable","13":"product-type-simple"},"_links":{"self":[{"href":"https:\/\/mabuko.co.mz\/site\/index.php?rest_route=\/wp\/v2\/product\/7392","targetHints":{"allow":["GET"]}}],"collection":[{"href":"https:\/\/mabuko.co.mz\/site\/index.php?rest_route=\/wp\/v2\/product"}],"about":[{"href":"https:\/\/mabuko.co.mz\/site\/index.php?rest_route=\/wp\/v2\/types\/product"}],"wp:featuredmedia":[{"embeddable":true,"href":"https:\/\/mabuko.co.mz\/site\/index.php?rest_route=\/wp\/v2\/media\/7394"}],"wp:attachment":[{"href":"https:\/\/mabuko.co.mz\/site\/index.php?rest_route=%2Fwp%2Fv2%2Fmedia&parent=7392"}],"wp:term":[{"taxonomy":"product_cat","embeddable":true,"href":"https:\/\/mabuko.co.mz\/site\/index.php?rest_route=%2Fwp%2Fv2%2Fproduct_cat&post=7392"},{"taxonomy":"product_tag","embeddable":true,"href":"https:\/\/mabuko.co.mz\/site\/index.php?rest_route=%2Fwp%2Fv2%2Fproduct_tag&post=7392"}],"curies":[{"name":"wp","href":"https:\/\/api.w.org\/{rel}","templated":true}]}}