{"id":7374,"date":"2022-11-08T10:30:49","date_gmt":"2022-11-08T10:30:49","guid":{"rendered":"https:\/\/mabuko.co.mz\/?post_type=product&#038;p=7374"},"modified":"2023-01-10T14:41:27","modified_gmt":"2023-01-10T14:41:27","slug":"rei-do-bluff","status":"publish","type":"product","link":"https:\/\/mabuko.co.mz\/site\/?product=rei-do-bluff","title":{"rendered":"REI DO BLUFF"},"content":{"rendered":"<p>Afonso Noite-Luar<\/p>\n<p>9789899087316<\/p>\n","protected":false},"excerpt":{"rendered":"<p><strong>SINOPSE<\/strong><\/p>\n<p>Quando Camila chega a uma ilha paradis\u00edaca para festejar a despedida de solteira de uma amiga, conhecer algu\u00e9m n\u00e3o \u00e9 priorit\u00e1rio. S\u00f3 que Eduardo vai mudar rapidamente as regras do jogo. Sensual, algo enigm\u00e1tico e com uma autoconfian\u00e7a arrebatadora, \u00e9 um homem poderoso que enriqueceu gra\u00e7as \u00e0 sua ast\u00facia nos jogos de azar. N\u00e3o est\u00e1 habituado a perder. E quer que Camila seja sua.<br \/>\nO autor bestseller Afonso Noite-Luar est\u00e1 de regresso com um novo romance er\u00f3tico que vai romper preconceitos e atirar os leitores para um universo glamoroso e envolvente onde nenhuma fantasia fica por concretizar. Enquanto Eduardo e Camila viajam neste mundo sedutor de jogo, sexo e poder, o inesperado acontece. Talvez n\u00e3o seja apenas uma aventura. Talvez seja algo mais. E talvez nem todos estejam dispostos a permitir que isso aconte\u00e7a\u2026<\/p>\n","protected":false},"featured_media":7376,"template":"","meta":{"_monsterinsights_skip_tracking":false,"_monsterinsights_sitenote_active":false,"_monsterinsights_sitenote_note":"","_monsterinsights_sitenote_category":0},"product_cat":[105],"product_tag":[],"class_list":{"0":"post-7374","1":"product","2":"type-product","3":"status-publish","4":"has-post-thumbnail","6":"product_cat-romance","7":"pa_book-author-afonso-noite-luar","9":"first","10":"outofstock","11":"shipping-taxable","12":"purchasable","13":"product-type-simple"},"_links":{"self":[{"href":"https:\/\/mabuko.co.mz\/site\/index.php?rest_route=\/wp\/v2\/product\/7374","targetHints":{"allow":["GET"]}}],"collection":[{"href":"https:\/\/mabuko.co.mz\/site\/index.php?rest_route=\/wp\/v2\/product"}],"about":[{"href":"https:\/\/mabuko.co.mz\/site\/index.php?rest_route=\/wp\/v2\/types\/product"}],"wp:featuredmedia":[{"embeddable":true,"href":"https:\/\/mabuko.co.mz\/site\/index.php?rest_route=\/wp\/v2\/media\/7376"}],"wp:attachment":[{"href":"https:\/\/mabuko.co.mz\/site\/index.php?rest_route=%2Fwp%2Fv2%2Fmedia&parent=7374"}],"wp:term":[{"taxonomy":"product_cat","embeddable":true,"href":"https:\/\/mabuko.co.mz\/site\/index.php?rest_route=%2Fwp%2Fv2%2Fproduct_cat&post=7374"},{"taxonomy":"product_tag","embeddable":true,"href":"https:\/\/mabuko.co.mz\/site\/index.php?rest_route=%2Fwp%2Fv2%2Fproduct_tag&post=7374"}],"curies":[{"name":"wp","href":"https:\/\/api.w.org\/{rel}","templated":true}]}}