{"id":7372,"date":"2022-11-08T10:18:47","date_gmt":"2022-11-08T10:18:47","guid":{"rendered":"https:\/\/mabuko.co.mz\/?post_type=product&#038;p=7372"},"modified":"2023-01-10T14:42:11","modified_gmt":"2023-01-10T14:42:11","slug":"mude-de-cerebro-mude-de-corpo","status":"publish","type":"product","link":"https:\/\/mabuko.co.mz\/site\/?product=mude-de-cerebro-mude-de-corpo","title":{"rendered":"MUDE DE C\u00c9REBRO, MUDE DE CORPO"},"content":{"rendered":"<p>Daniel G. Amen<\/p>\n<p>9789896873325<\/p>\n","protected":false},"excerpt":{"rendered":"<p><strong>SINOPSE<\/strong><\/p>\n<p>Do autor de Mude de C\u00e9rebro, Mude de Idade e Mude de C\u00e9rebro, Mude de Vida. O Dr. Daniel Amen, neurologista de renome mundial e autor de v\u00e1rios best-sellers, explica ao longo destas p\u00e1ginas como podemos optimizar a sa\u00fade do c\u00e9rebro para: Alcan\u00e7ar e manter o peso ideal; Ter uma pele jovem e saud\u00e1vel; Reduzir o stress e fortalecer o sistema imunit\u00e1rio; Melhorar a mem\u00f3ria; Combater a hipertens\u00e3o; Combater a depress\u00e3o e incentivar a auto-estima<\/p>\n","protected":false},"featured_media":7373,"template":"","meta":{"_monsterinsights_skip_tracking":false,"_monsterinsights_sitenote_active":false,"_monsterinsights_sitenote_note":"","_monsterinsights_sitenote_category":0},"product_cat":[108],"product_tag":[],"class_list":{"0":"post-7372","1":"product","2":"type-product","3":"status-publish","4":"has-post-thumbnail","6":"product_cat-auto-ajuda","7":"pa_book-author-daniel-g-amen","9":"first","10":"outofstock","11":"shipping-taxable","12":"purchasable","13":"product-type-simple"},"_links":{"self":[{"href":"https:\/\/mabuko.co.mz\/site\/index.php?rest_route=\/wp\/v2\/product\/7372","targetHints":{"allow":["GET"]}}],"collection":[{"href":"https:\/\/mabuko.co.mz\/site\/index.php?rest_route=\/wp\/v2\/product"}],"about":[{"href":"https:\/\/mabuko.co.mz\/site\/index.php?rest_route=\/wp\/v2\/types\/product"}],"wp:featuredmedia":[{"embeddable":true,"href":"https:\/\/mabuko.co.mz\/site\/index.php?rest_route=\/wp\/v2\/media\/7373"}],"wp:attachment":[{"href":"https:\/\/mabuko.co.mz\/site\/index.php?rest_route=%2Fwp%2Fv2%2Fmedia&parent=7372"}],"wp:term":[{"taxonomy":"product_cat","embeddable":true,"href":"https:\/\/mabuko.co.mz\/site\/index.php?rest_route=%2Fwp%2Fv2%2Fproduct_cat&post=7372"},{"taxonomy":"product_tag","embeddable":true,"href":"https:\/\/mabuko.co.mz\/site\/index.php?rest_route=%2Fwp%2Fv2%2Fproduct_tag&post=7372"}],"curies":[{"name":"wp","href":"https:\/\/api.w.org\/{rel}","templated":true}]}}