{"id":7369,"date":"2022-11-08T10:09:11","date_gmt":"2022-11-08T10:09:11","guid":{"rendered":"https:\/\/mabuko.co.mz\/?post_type=product&#038;p=7369"},"modified":"2023-01-10T14:43:00","modified_gmt":"2023-01-10T14:43:00","slug":"torne-se-um-decifrador-de-pessoas","status":"publish","type":"product","link":"https:\/\/mabuko.co.mz\/site\/?product=torne-se-um-decifrador-de-pessoas","title":{"rendered":"TORNE-SE UM DECIFRADOR DE PESSOAS"},"content":{"rendered":"<p>Alexandre Monteiro<\/p>\n<p>9789897774843<\/p>\n","protected":false},"excerpt":{"rendered":"<p><strong>SINOPSE<\/strong><\/p>\n<p>O movimento das m\u00e3os, a posi\u00e7\u00e3o das pernas, as rugas no rosto, os rabiscos num papel feitos durante uma reuni\u00e3o, os objectos da mala, os sapatos que escolhe, o co\u00e7ar a cabe\u00e7a, a sua assinatura, a decora\u00e7\u00e3o da casa ou a arruma\u00e7\u00e3o da secret\u00e1ria de trabalho.<br \/>\nTudo isto s\u00e3o sinais que n\u00e3o pode ignorar. Conseguir\u00e1 descobrir muito mais atrav\u00e9s deles do que atrav\u00e9s das palavras.<br \/>\nPor exemplo, se uma pessoa tem mau feitio, se gosta de socializar, se foi educado por pais autorit\u00e1rios, se \u00e9 uma pessoa agressiva, se est\u00e1 a dizer a verdade ou a ocultar informa\u00e7\u00e3o, se est\u00e1 a tentar manipular, se \u00e9 confi\u00e1vel, um bom l\u00edder, se \u00e9 ansioso, um amigo verdadeiro ou um c\u00f4njuge fiel.<br \/>\nAlexandre Monteiro desvenda, pela primeira vez, as t\u00e9cnicas ensinadas pelas maiores escolas de espionagem mundiais, como FBI, MI6, CIA e MOSSAD.<br \/>\nE explica-lhe os m\u00e9todos de que precisa para obter das pessoas a informa\u00e7\u00e3o que necessita, como ler, interpretar e influenciar comportamentos, proteger-se de pessoas manipuladoras e t\u00f3xicas, saber dizer n\u00e3o, ser mais sedutor e detectar a mentira.<br \/>\nO autor, especialista em linguagem corporal, ensina-lhe neste livro pr\u00e1tico, com fotografias, dicas e exerc\u00edcios, como descodificar tudo o que v\u00ea e descobrir quem realmente tem \u00e0 sua frente, observando os sinais e gestos que o nosso corpo revela.<\/p>\n","protected":false},"featured_media":7371,"template":"","meta":{"_monsterinsights_skip_tracking":false,"_monsterinsights_sitenote_active":false,"_monsterinsights_sitenote_note":"","_monsterinsights_sitenote_category":0},"product_cat":[108],"product_tag":[],"class_list":{"0":"post-7369","1":"product","2":"type-product","3":"status-publish","4":"has-post-thumbnail","6":"product_cat-auto-ajuda","7":"pa_book-author-alexandre-monteiro","9":"first","10":"outofstock","11":"shipping-taxable","12":"purchasable","13":"product-type-simple"},"_links":{"self":[{"href":"https:\/\/mabuko.co.mz\/site\/index.php?rest_route=\/wp\/v2\/product\/7369","targetHints":{"allow":["GET"]}}],"collection":[{"href":"https:\/\/mabuko.co.mz\/site\/index.php?rest_route=\/wp\/v2\/product"}],"about":[{"href":"https:\/\/mabuko.co.mz\/site\/index.php?rest_route=\/wp\/v2\/types\/product"}],"wp:featuredmedia":[{"embeddable":true,"href":"https:\/\/mabuko.co.mz\/site\/index.php?rest_route=\/wp\/v2\/media\/7371"}],"wp:attachment":[{"href":"https:\/\/mabuko.co.mz\/site\/index.php?rest_route=%2Fwp%2Fv2%2Fmedia&parent=7369"}],"wp:term":[{"taxonomy":"product_cat","embeddable":true,"href":"https:\/\/mabuko.co.mz\/site\/index.php?rest_route=%2Fwp%2Fv2%2Fproduct_cat&post=7369"},{"taxonomy":"product_tag","embeddable":true,"href":"https:\/\/mabuko.co.mz\/site\/index.php?rest_route=%2Fwp%2Fv2%2Fproduct_tag&post=7369"}],"curies":[{"name":"wp","href":"https:\/\/api.w.org\/{rel}","templated":true}]}}