{"id":7367,"date":"2022-11-08T09:58:00","date_gmt":"2022-11-08T09:58:00","guid":{"rendered":"https:\/\/mabuko.co.mz\/?post_type=product&#038;p=7367"},"modified":"2023-01-10T14:43:50","modified_gmt":"2023-01-10T14:43:50","slug":"correr-para-vencer","status":"publish","type":"product","link":"https:\/\/mabuko.co.mz\/site\/?product=correr-para-vencer","title":{"rendered":"CORRER PARA VENCER"},"content":{"rendered":"<p>Phil Knight<\/p>\n<p>9789722535366<\/p>\n","protected":false},"excerpt":{"rendered":"<p><strong>SINOPSE<\/strong><\/p>\n<p>Phil Knight foi o fundador da Nike e \u00e9 atualmente um dos homens mais ricos do mundo (em 2015, a Forbes classificou-o em 15\u00ba lugar). Esta \u00e9 a hist\u00f3ria dos primeiros anos da sua Ideia Maluca e da g\u00e9nese da Nike, um imp\u00e9rio que construiu do nada, com 50 d\u00f3lares que o pai lhe emprestou, mas tamb\u00e9m a hist\u00f3ria dos alicerces de uma vida pessoal e familiar pejada de sucessos e de reveses, de quem nunca baixou os bra\u00e7os e de uma empresa que mudou as regras do jogo.<br \/>\nUm livro envolvente, narrado com mod\u00e9stia e genuinidade.<br \/>\nUma autobiografia para quem nunca se imaginou a ler uma.<br \/>\nUm livro sobre gest\u00e3o para quem est\u00e1 farto de livros de auto ajuda para gestores.<\/p>\n","protected":false},"featured_media":7368,"template":"","meta":{"_monsterinsights_skip_tracking":false,"_monsterinsights_sitenote_active":false,"_monsterinsights_sitenote_note":"","_monsterinsights_sitenote_category":0},"product_cat":[103],"product_tag":[],"class_list":{"0":"post-7367","1":"product","2":"type-product","3":"status-publish","4":"has-post-thumbnail","6":"product_cat-literatura","7":"pa_book-author-phil-knight","9":"first","10":"outofstock","11":"shipping-taxable","12":"purchasable","13":"product-type-simple"},"_links":{"self":[{"href":"https:\/\/mabuko.co.mz\/site\/index.php?rest_route=\/wp\/v2\/product\/7367","targetHints":{"allow":["GET"]}}],"collection":[{"href":"https:\/\/mabuko.co.mz\/site\/index.php?rest_route=\/wp\/v2\/product"}],"about":[{"href":"https:\/\/mabuko.co.mz\/site\/index.php?rest_route=\/wp\/v2\/types\/product"}],"wp:featuredmedia":[{"embeddable":true,"href":"https:\/\/mabuko.co.mz\/site\/index.php?rest_route=\/wp\/v2\/media\/7368"}],"wp:attachment":[{"href":"https:\/\/mabuko.co.mz\/site\/index.php?rest_route=%2Fwp%2Fv2%2Fmedia&parent=7367"}],"wp:term":[{"taxonomy":"product_cat","embeddable":true,"href":"https:\/\/mabuko.co.mz\/site\/index.php?rest_route=%2Fwp%2Fv2%2Fproduct_cat&post=7367"},{"taxonomy":"product_tag","embeddable":true,"href":"https:\/\/mabuko.co.mz\/site\/index.php?rest_route=%2Fwp%2Fv2%2Fproduct_tag&post=7367"}],"curies":[{"name":"wp","href":"https:\/\/api.w.org\/{rel}","templated":true}]}}