{"id":7361,"date":"2022-11-08T09:25:45","date_gmt":"2022-11-08T09:25:45","guid":{"rendered":"https:\/\/mabuko.co.mz\/?post_type=product&#038;p=7361"},"modified":"2023-01-10T14:45:50","modified_gmt":"2023-01-10T14:45:50","slug":"o-poder-da-justica","status":"publish","type":"product","link":"https:\/\/mabuko.co.mz\/site\/?product=o-poder-da-justica","title":{"rendered":"O PODER DA JUSTI\u00c7A"},"content":{"rendered":"<p>John Grisham<\/p>\n<p>9789722538671<\/p>\n","protected":false},"excerpt":{"rendered":"<p><strong>SINOPSE<\/strong><\/p>\n<p>Rudy Baylor \u00e9 um advogado rec\u00e9m-formado, com poucas perspetivas de emprego. Mas, inesperadamente, d\u00e1 por si a representar juridicamente uma fam\u00edlia cujo filho com leucemia viu a sua seguradora recusar-lhe o financiamento dos tratamentos.<br \/>\nEste caso pode mudar tudo. Rudy est\u00e1 extremamente endividado e um acordo com a companhia de seguros poderia salvar a sua carreira &#8211; e a sua pele. Mas ele nunca defendeu um caso em tribunal e a companhia n\u00e3o vai desistir. Na verdade, Rudy ter\u00e1 de enfrentar um ex\u00e9rcito dos melhores advogados que o dinheiro pode comprar&#8230;<br \/>\nNeste livro, que foi adaptado ao cinema por Francis Ford Cappola, Grisham acompanha-nos de novo \u00e0 sala de audi\u00eancias para nos apresentar um thriller jur\u00eddico que constitui uma leitura fascinante onde se combinam suspense, intensidade narrativa e humor.<\/p>\n","protected":false},"featured_media":7362,"template":"","meta":{"_monsterinsights_skip_tracking":false,"_monsterinsights_sitenote_active":false,"_monsterinsights_sitenote_note":"","_monsterinsights_sitenote_category":0},"product_cat":[103],"product_tag":[],"class_list":{"0":"post-7361","1":"product","2":"type-product","3":"status-publish","4":"has-post-thumbnail","6":"product_cat-literatura","7":"pa_book-author-john-grisham","9":"first","10":"outofstock","11":"shipping-taxable","12":"purchasable","13":"product-type-simple"},"_links":{"self":[{"href":"https:\/\/mabuko.co.mz\/site\/index.php?rest_route=\/wp\/v2\/product\/7361","targetHints":{"allow":["GET"]}}],"collection":[{"href":"https:\/\/mabuko.co.mz\/site\/index.php?rest_route=\/wp\/v2\/product"}],"about":[{"href":"https:\/\/mabuko.co.mz\/site\/index.php?rest_route=\/wp\/v2\/types\/product"}],"wp:featuredmedia":[{"embeddable":true,"href":"https:\/\/mabuko.co.mz\/site\/index.php?rest_route=\/wp\/v2\/media\/7362"}],"wp:attachment":[{"href":"https:\/\/mabuko.co.mz\/site\/index.php?rest_route=%2Fwp%2Fv2%2Fmedia&parent=7361"}],"wp:term":[{"taxonomy":"product_cat","embeddable":true,"href":"https:\/\/mabuko.co.mz\/site\/index.php?rest_route=%2Fwp%2Fv2%2Fproduct_cat&post=7361"},{"taxonomy":"product_tag","embeddable":true,"href":"https:\/\/mabuko.co.mz\/site\/index.php?rest_route=%2Fwp%2Fv2%2Fproduct_tag&post=7361"}],"curies":[{"name":"wp","href":"https:\/\/api.w.org\/{rel}","templated":true}]}}