{"id":7356,"date":"2022-11-08T08:52:47","date_gmt":"2022-11-08T08:52:47","guid":{"rendered":"https:\/\/mabuko.co.mz\/?post_type=product&#038;p=7356"},"modified":"2023-01-10T14:47:11","modified_gmt":"2023-01-10T14:47:11","slug":"as-de-espadas","status":"publish","type":"product","link":"https:\/\/mabuko.co.mz\/site\/?product=as-de-espadas","title":{"rendered":"\u00c1S DE ESPADAS"},"content":{"rendered":"<p>Faridah \u00c0b\u00edk\u00e9-\u00cdy\u00edm\u00edd\u00e9<\/p>\n<p>Faridah Abike-Iy\u00edmide<\/p>\n<p>9789898979377<\/p>\n","protected":false},"excerpt":{"rendered":"<p><strong>SINOPSE<\/strong><\/p>\n<p>Quando dois alunos da elitista escola privada Niveus, Devon Richards e Chiamaka Adebayo, s\u00e3o seleccionados para fazer parte dos delegados de turma, parece que o seu ano est\u00e1 a come\u00e7ar da melhor maneira. Afinal, n\u00e3o s\u00f3 fica \u00f3ptimo no curr\u00edculo para a faculdade, como os coloca oficialmente na corrida para orador de final de ano.<br \/>\nPor\u00e9m, logo ap\u00f3s o an\u00fancio ser feito, algu\u00e9m intitulado Ases come\u00e7a a enviar mensagens de texto an\u00f3nimas para revelar segredos sobre os dois que viram as suas vidas de cabe\u00e7a para baixo e amea\u00e7am os seus futuros cuidadosamente planeados.<br \/>\nO Ases n\u00e3o d\u00e1 sinais de querer parar, e o que parecia uma brincadeira doentia, rapidamente se transforma num jogo perigoso, com todas as cartas contra eles. Ser\u00e3o Devon e Chiamaka capazes de par\u00e1-lo antes que as coisas se tornem incrivelmente mortais?<br \/>\nO primeiro livro de Faridah \u00c0b\u00edk\u00e9-\u00cdy\u00edm\u00edd\u00e9 \u00e9 da mais pura atualidade: est\u00e1 repleto de camadas, de sexualidade, de homofobia, de racismo institucionalizado, de \u00f3dio, de supremacias, por\u00e9m tamb\u00e9m de coragem, de amor pelas pessoas, pelas causas. \u00c1s de Espadas \u00e9 um trunfo no jogo das nossas mentalidades.<\/p>\n","protected":false},"featured_media":7357,"template":"","meta":{"_monsterinsights_skip_tracking":false,"_monsterinsights_sitenote_active":false,"_monsterinsights_sitenote_note":"","_monsterinsights_sitenote_category":0},"product_cat":[103],"product_tag":[],"class_list":{"0":"post-7356","1":"product","2":"type-product","3":"status-publish","4":"has-post-thumbnail","6":"product_cat-literatura","7":"pa_book-author-faridah-abike-iyimide","9":"first","10":"outofstock","11":"shipping-taxable","12":"purchasable","13":"product-type-simple"},"_links":{"self":[{"href":"https:\/\/mabuko.co.mz\/site\/index.php?rest_route=\/wp\/v2\/product\/7356","targetHints":{"allow":["GET"]}}],"collection":[{"href":"https:\/\/mabuko.co.mz\/site\/index.php?rest_route=\/wp\/v2\/product"}],"about":[{"href":"https:\/\/mabuko.co.mz\/site\/index.php?rest_route=\/wp\/v2\/types\/product"}],"wp:featuredmedia":[{"embeddable":true,"href":"https:\/\/mabuko.co.mz\/site\/index.php?rest_route=\/wp\/v2\/media\/7357"}],"wp:attachment":[{"href":"https:\/\/mabuko.co.mz\/site\/index.php?rest_route=%2Fwp%2Fv2%2Fmedia&parent=7356"}],"wp:term":[{"taxonomy":"product_cat","embeddable":true,"href":"https:\/\/mabuko.co.mz\/site\/index.php?rest_route=%2Fwp%2Fv2%2Fproduct_cat&post=7356"},{"taxonomy":"product_tag","embeddable":true,"href":"https:\/\/mabuko.co.mz\/site\/index.php?rest_route=%2Fwp%2Fv2%2Fproduct_tag&post=7356"}],"curies":[{"name":"wp","href":"https:\/\/api.w.org\/{rel}","templated":true}]}}