{"id":7353,"date":"2022-11-08T08:46:47","date_gmt":"2022-11-08T08:46:47","guid":{"rendered":"https:\/\/mabuko.co.mz\/?post_type=product&#038;p=7353"},"modified":"2023-01-10T14:47:51","modified_gmt":"2023-01-10T14:47:51","slug":"carrie-soto-esta-de-volta","status":"publish","type":"product","link":"https:\/\/mabuko.co.mz\/site\/?product=carrie-soto-esta-de-volta","title":{"rendered":"CARRIE SOTO EST\u00c1 DE VOLTA"},"content":{"rendered":"<p>Taylor Jenkins Reid<\/p>\n<p>9789896236465<\/p>\n","protected":false},"excerpt":{"rendered":"<p><strong>SINOPSE<\/strong><\/p>\n<p>Seis anos depois de se retirar dos\u00a0<i>courts<\/i>\u00a0de t\u00e9nis devido a uma les\u00e3o no joelho, Carrie Soto v\u00ea o seu recorde de vit\u00f3rias amea\u00e7ado por Nicki Chan, uma jogadora intensa e deslumbrante que amea\u00e7a tirar-lhe o t\u00edtulo de melhor tenista de sempre, um patamar a que ascendera \u00e0 custa de muitos sacrif\u00edcios pessoais e com a ajuda do pai, o seu treinador desde tenra idade.<br \/>\nAos 37 anos, Carrie n\u00e3o quer perder esse estatuto, por isso decide regressar ao t\u00e9nis profissional durante um ano, numa tentativa de defender os seus t\u00edtulos. No entanto, as marcas a n\u00edvel f\u00edsico e mental deixadas pelo hiato for\u00e7ado fizeram com que Carrie j\u00e1 n\u00e3o tenha o vigor e a energia de outrora, resultando numa certa falta de confian\u00e7a por parte da imprensa desportiva e dos seus patrocinadores.<br \/>\nMais uma vez, Carrie ter\u00e1 de contar com a ajuda do pai e com a enorme determina\u00e7\u00e3o e a fome de vencer que sempre a definiram. Mas ter\u00e1 tamb\u00e9m de enfrentar desafios inimagin\u00e1veis, tanto no <i>court<\/i>\u00a0como na sua vida pessoal, pois o peso da fama nem sempre a favoreceu e algumas das suas atitudes deixaram m\u00e1s mem\u00f3rias. E para conseguir voltar a singrar ter\u00e1 at\u00e9 de engolir o orgulho e fazer uma improv\u00e1vel alian\u00e7a com um homem que, tal como ela, ainda tem muita coisa a provar.<\/p>\n","protected":false},"featured_media":7355,"template":"","meta":{"_monsterinsights_skip_tracking":false,"_monsterinsights_sitenote_active":false,"_monsterinsights_sitenote_note":"","_monsterinsights_sitenote_category":0},"product_cat":[105],"product_tag":[],"class_list":{"0":"post-7353","1":"product","2":"type-product","3":"status-publish","4":"has-post-thumbnail","6":"product_cat-romance","7":"pa_book-author-taylor-jenkins-reid","9":"first","10":"outofstock","11":"shipping-taxable","12":"purchasable","13":"product-type-simple"},"_links":{"self":[{"href":"https:\/\/mabuko.co.mz\/site\/index.php?rest_route=\/wp\/v2\/product\/7353","targetHints":{"allow":["GET"]}}],"collection":[{"href":"https:\/\/mabuko.co.mz\/site\/index.php?rest_route=\/wp\/v2\/product"}],"about":[{"href":"https:\/\/mabuko.co.mz\/site\/index.php?rest_route=\/wp\/v2\/types\/product"}],"wp:featuredmedia":[{"embeddable":true,"href":"https:\/\/mabuko.co.mz\/site\/index.php?rest_route=\/wp\/v2\/media\/7355"}],"wp:attachment":[{"href":"https:\/\/mabuko.co.mz\/site\/index.php?rest_route=%2Fwp%2Fv2%2Fmedia&parent=7353"}],"wp:term":[{"taxonomy":"product_cat","embeddable":true,"href":"https:\/\/mabuko.co.mz\/site\/index.php?rest_route=%2Fwp%2Fv2%2Fproduct_cat&post=7353"},{"taxonomy":"product_tag","embeddable":true,"href":"https:\/\/mabuko.co.mz\/site\/index.php?rest_route=%2Fwp%2Fv2%2Fproduct_tag&post=7353"}],"curies":[{"name":"wp","href":"https:\/\/api.w.org\/{rel}","templated":true}]}}