{"id":7351,"date":"2022-11-08T08:39:14","date_gmt":"2022-11-08T08:39:14","guid":{"rendered":"https:\/\/mabuko.co.mz\/?post_type=product&#038;p=7351"},"modified":"2023-01-10T14:48:21","modified_gmt":"2023-01-10T14:48:21","slug":"a-noiva-do-medio-oriente","status":"publish","type":"product","link":"https:\/\/mabuko.co.mz\/site\/?product=a-noiva-do-medio-oriente","title":{"rendered":"A NOIVA DO M\u00c9DIO ORIENTE"},"content":{"rendered":"<p>Paula Raposo Esteves<\/p>\n<p>9789896688417<\/p>\n","protected":false},"excerpt":{"rendered":"<p><strong>SINOPSE<\/strong><\/p>\n<p>Uma narrativa que cruza a fic\u00e7\u00e3o rom\u00e2ntica com o suspense t\u00edpico do thriller, acrescentando um cariz espiritual, alvo de muita procura no mercado editorial portugu\u00eas.<\/p>\n<p>O final de uma longa rela\u00e7\u00e3o amorosa deixa sempre marcas profundas. Desiludida com o casamento anterior, Carolina decide deixar tudo para tr\u00e1s e fugir em trabalho para a Jord\u00e2nia. Acidentalmente, v\u00ea-se envolvida no obscuro mundo que envolve o casamento de menores e o tr\u00e1fico de jovens adolescentes. A partir de um bilhete e de um pedido de socorro, \u00e9 todo um cen\u00e1rio a que Carolina n\u00e3o consegue ficar indiferente e que pretende expor aos olhos do mundo.<br \/>\nUma obra ficcional que cruza um cen\u00e1rio deslumbrante e misterioso, como a S\u00edria e a Ar\u00e1bia Saudita, com uma problem\u00e1tica grave, como o tr\u00e1fico humano e os casamentos por conveni\u00eancia.<br \/>\nAinda a recuperar de uma dolorosa separa\u00e7\u00e3o, o que Carolina mais deseja \u00e9 manter-se afastada dos reboli\u00e7os do cora\u00e7\u00e3o, mas o exotismo e a excentricidade do M\u00e9dio Oriente n\u00e3o lhe d\u00e3o tr\u00e9guas. Num cen\u00e1rio de uma beleza m\u00edstica, a aventura, a sedu\u00e7\u00e3o e a introspec\u00e7\u00e3o levam-na ao reencontro do seu verdadeiro eu e do seu maior prop\u00f3sito de vida. Carolina descobre como gerir todas as emo\u00e7\u00f5es aprisionadas dentro de si, aprendendo que somos todos iguais e que o amor n\u00e3o tem nacionalidade ou religi\u00e3o.<br \/>\nA Noiva do M\u00e9dio Oriente \u00e9 uma hist\u00f3ria emocionante em que as cicatrizes e consequ\u00eancias do conflito nesta zona levam-na a ambicionar a paz para todos sem excep\u00e7\u00e3o. Porque, afinal, como Carolina descobriu, na verdade, somos todos apenas um!<\/p>\n","protected":false},"featured_media":7352,"template":"","meta":{"_monsterinsights_skip_tracking":false,"_monsterinsights_sitenote_active":false,"_monsterinsights_sitenote_note":"","_monsterinsights_sitenote_category":0},"product_cat":[105],"product_tag":[],"class_list":{"0":"post-7351","1":"product","2":"type-product","3":"status-publish","4":"has-post-thumbnail","6":"product_cat-romance","7":"pa_book-author-paula-raposo-esteves","9":"first","10":"outofstock","11":"shipping-taxable","12":"purchasable","13":"product-type-simple"},"_links":{"self":[{"href":"https:\/\/mabuko.co.mz\/site\/index.php?rest_route=\/wp\/v2\/product\/7351","targetHints":{"allow":["GET"]}}],"collection":[{"href":"https:\/\/mabuko.co.mz\/site\/index.php?rest_route=\/wp\/v2\/product"}],"about":[{"href":"https:\/\/mabuko.co.mz\/site\/index.php?rest_route=\/wp\/v2\/types\/product"}],"wp:featuredmedia":[{"embeddable":true,"href":"https:\/\/mabuko.co.mz\/site\/index.php?rest_route=\/wp\/v2\/media\/7352"}],"wp:attachment":[{"href":"https:\/\/mabuko.co.mz\/site\/index.php?rest_route=%2Fwp%2Fv2%2Fmedia&parent=7351"}],"wp:term":[{"taxonomy":"product_cat","embeddable":true,"href":"https:\/\/mabuko.co.mz\/site\/index.php?rest_route=%2Fwp%2Fv2%2Fproduct_cat&post=7351"},{"taxonomy":"product_tag","embeddable":true,"href":"https:\/\/mabuko.co.mz\/site\/index.php?rest_route=%2Fwp%2Fv2%2Fproduct_tag&post=7351"}],"curies":[{"name":"wp","href":"https:\/\/api.w.org\/{rel}","templated":true}]}}