{"id":7349,"date":"2022-11-08T08:32:59","date_gmt":"2022-11-08T08:32:59","guid":{"rendered":"https:\/\/mabuko.co.mz\/?post_type=product&#038;p=7349"},"modified":"2023-01-10T14:49:02","modified_gmt":"2023-01-10T14:49:02","slug":"livre","status":"publish","type":"product","link":"https:\/\/mabuko.co.mz\/site\/?product=livre","title":{"rendered":"LIVRE"},"content":{"rendered":"<p>Cheryl Strayed<\/p>\n<p>9789722351089<\/p>\n","protected":false},"excerpt":{"rendered":"<p><strong>SINOPSE<\/strong><\/p>\n<p>Aos 26 anos, Cheryl Strayed tinha perdido tudo &#8211; o casamento, a fam\u00edlia, a estabilidade profissional -, e a sua exist\u00eancia aproximava-se perigosamente do ponto de n\u00e3o-retorno. Sem nada a perder, Cheryl decidiu embrenhar-se sozinha na natureza selvagem, percorrendo a p\u00e9, durante tr\u00eas meses, mil e setecentos quil\u00f3metros do Pacific Crest Trail, desde o deserto de Mojave, ao longo da Calif\u00f3rnia e do Oregon, at\u00e9 ao estado de Washington.<br \/>\nNuma fus\u00e3o \u00fanica entre livro de mem\u00f3rias e narrativa de aventuras, esta obra inspiradora \u00e9 um testemunho vivo da capacidade do esp\u00edrito humano para superar as crises mais agudas e reinventar um sentido para a vida.<\/p>\n","protected":false},"featured_media":7350,"template":"","meta":{"_monsterinsights_skip_tracking":false,"_monsterinsights_sitenote_active":false,"_monsterinsights_sitenote_note":"","_monsterinsights_sitenote_category":0},"product_cat":[103],"product_tag":[],"class_list":{"0":"post-7349","1":"product","2":"type-product","3":"status-publish","4":"has-post-thumbnail","6":"product_cat-literatura","7":"pa_book-author-cheryl-strayed","9":"first","10":"outofstock","11":"shipping-taxable","12":"purchasable","13":"product-type-simple"},"_links":{"self":[{"href":"https:\/\/mabuko.co.mz\/site\/index.php?rest_route=\/wp\/v2\/product\/7349","targetHints":{"allow":["GET"]}}],"collection":[{"href":"https:\/\/mabuko.co.mz\/site\/index.php?rest_route=\/wp\/v2\/product"}],"about":[{"href":"https:\/\/mabuko.co.mz\/site\/index.php?rest_route=\/wp\/v2\/types\/product"}],"wp:featuredmedia":[{"embeddable":true,"href":"https:\/\/mabuko.co.mz\/site\/index.php?rest_route=\/wp\/v2\/media\/7350"}],"wp:attachment":[{"href":"https:\/\/mabuko.co.mz\/site\/index.php?rest_route=%2Fwp%2Fv2%2Fmedia&parent=7349"}],"wp:term":[{"taxonomy":"product_cat","embeddable":true,"href":"https:\/\/mabuko.co.mz\/site\/index.php?rest_route=%2Fwp%2Fv2%2Fproduct_cat&post=7349"},{"taxonomy":"product_tag","embeddable":true,"href":"https:\/\/mabuko.co.mz\/site\/index.php?rest_route=%2Fwp%2Fv2%2Fproduct_tag&post=7349"}],"curies":[{"name":"wp","href":"https:\/\/api.w.org\/{rel}","templated":true}]}}