{"id":7347,"date":"2022-11-08T08:27:15","date_gmt":"2022-11-08T08:27:15","guid":{"rendered":"https:\/\/mabuko.co.mz\/?post_type=product&#038;p=7347"},"modified":"2023-01-10T14:49:41","modified_gmt":"2023-01-10T14:49:41","slug":"a-filha-da-madrasta","status":"publish","type":"product","link":"https:\/\/mabuko.co.mz\/site\/?product=a-filha-da-madrasta","title":{"rendered":"A FILHA DA MADRASTA"},"content":{"rendered":"<p>Jennifer Donnelly<\/p>\n<p>9789897103513<\/p>\n","protected":false},"excerpt":{"rendered":"<p><strong>SINOPSE<\/strong><\/p>\n<p>A beleza \u00e9 mais do que uma avalia\u00e7\u00e3o que as pessoas fazem. \u00c9 a paix\u00e3o que arde dentro de cada um de n\u00f3s, a nossa for\u00e7a e a nossa coragem.<br \/>\n<i>Jennifer Donnelly<\/i><\/p>\n<p>Isabelle deveria estar feliz &#8211; afinal, est\u00e1 prestes a ficar com o pr\u00edncipe. Mas Isabelle n\u00e3o \u00e9 a bela rapariga que perdeu o sapato de cristal e ganhou o cora\u00e7\u00e3o do pr\u00edncipe. Ela \u00e9 a meia-irm\u00e3 feia que cortou os dedos para que o sapato da Cinderela lhe servisse. Quando o pr\u00edncipe descobre o engodo, Isabelle fica devastada pela vergonha. Afinal, ela \u00e9 apenas uma rapariga comum num mundo que s\u00f3 valoriza a beleza; uma jovem forte num mundo que a quer submissa. Isabelle tentou mudar, cumprir as expectativas da m\u00e3e. Ser como a sua meia-irm\u00e3. Doce. Bonita. Um a um, desfez-se de peda\u00e7os de si para sobreviver num mundo que n\u00e3o valoriza uma rapariga como ela. E isso tornou-a m\u00e1, ciumenta e vazia. At\u00e9 que Isabelle tem a oportunidade de alterar o seu destino e provar que \u00e9 preciso mais do que um cora\u00e7\u00e3o partido para vergar uma rapariga.<\/p>\n","protected":false},"featured_media":7348,"template":"","meta":{"_monsterinsights_skip_tracking":false,"_monsterinsights_sitenote_active":false,"_monsterinsights_sitenote_note":"","_monsterinsights_sitenote_category":0},"product_cat":[105],"product_tag":[],"class_list":{"0":"post-7347","1":"product","2":"type-product","3":"status-publish","4":"has-post-thumbnail","6":"product_cat-romance","7":"pa_book-author-jennifer-donnelly","9":"first","10":"outofstock","11":"shipping-taxable","12":"purchasable","13":"product-type-simple"},"_links":{"self":[{"href":"https:\/\/mabuko.co.mz\/site\/index.php?rest_route=\/wp\/v2\/product\/7347","targetHints":{"allow":["GET"]}}],"collection":[{"href":"https:\/\/mabuko.co.mz\/site\/index.php?rest_route=\/wp\/v2\/product"}],"about":[{"href":"https:\/\/mabuko.co.mz\/site\/index.php?rest_route=\/wp\/v2\/types\/product"}],"wp:featuredmedia":[{"embeddable":true,"href":"https:\/\/mabuko.co.mz\/site\/index.php?rest_route=\/wp\/v2\/media\/7348"}],"wp:attachment":[{"href":"https:\/\/mabuko.co.mz\/site\/index.php?rest_route=%2Fwp%2Fv2%2Fmedia&parent=7347"}],"wp:term":[{"taxonomy":"product_cat","embeddable":true,"href":"https:\/\/mabuko.co.mz\/site\/index.php?rest_route=%2Fwp%2Fv2%2Fproduct_cat&post=7347"},{"taxonomy":"product_tag","embeddable":true,"href":"https:\/\/mabuko.co.mz\/site\/index.php?rest_route=%2Fwp%2Fv2%2Fproduct_tag&post=7347"}],"curies":[{"name":"wp","href":"https:\/\/api.w.org\/{rel}","templated":true}]}}