{"id":7343,"date":"2022-11-08T08:08:53","date_gmt":"2022-11-08T08:08:53","guid":{"rendered":"https:\/\/mabuko.co.mz\/?post_type=product&#038;p=7343"},"modified":"2023-01-11T13:12:57","modified_gmt":"2023-01-11T13:12:57","slug":"uma-proposta-arriscada-the-wildes-of-lindow-castle-livro-3","status":"publish","type":"product","link":"https:\/\/mabuko.co.mz\/site\/?product=uma-proposta-arriscada-the-wildes-of-lindow-castle-livro-3","title":{"rendered":"UMA PROPOSTA ARRISCADA The Wildes of Lindow Castle &#8211; Livro 3"},"content":{"rendered":"<p>Eloisa James<\/p>\n<p>9789896687441<\/p>\n","protected":false},"excerpt":{"rendered":"<p><strong>SINOPSE<\/strong><\/p>\n<p>Para a bela e espirituosa Lavinia Gray, s\u00f3 h\u00e1 uma coisa pior do que ter de pedir ao terr\u00edvel Parth Sterling que se case com ela: ser rejeitada por ele. Mas Parth, o solteiro mais rico de Inglaterra, n\u00e3o se casar\u00e1 com uma mulher t\u00e3o imprudente e obcecada pela moda quanto Lavinia; ele escolheu uma noiva muito mais adequada.<\/p>\n<p>Por\u00e9m, quando Parth descobre as tristes circunst\u00e2ncias que levaram ao pedido desesperado de Lavinia, oferece-se para lhe encontrar um marido. Melhor ainda: ele tentar\u00e1 que um aut\u00eantico pr\u00edncipe se case com ela. Como sempre, n\u00e3o h\u00e1 problema que Parth n\u00e3o consiga resolver. Mas quanto mais tempo ele passa com a sedutora Lavinia, mais ele se pergunta\u2026<\/p>\n<p>Porque \u00e9 que a mulher errada fica t\u00e3o bem nos seus bra\u00e7os?<\/p>\n","protected":false},"featured_media":7344,"template":"","meta":{"_monsterinsights_skip_tracking":false,"_monsterinsights_sitenote_active":false,"_monsterinsights_sitenote_note":"","_monsterinsights_sitenote_category":0},"product_cat":[103],"product_tag":[],"class_list":{"0":"post-7343","1":"product","2":"type-product","3":"status-publish","4":"has-post-thumbnail","6":"product_cat-literatura","7":"pa_book-author-eloisa-james","9":"first","10":"outofstock","11":"shipping-taxable","12":"purchasable","13":"product-type-simple"},"_links":{"self":[{"href":"https:\/\/mabuko.co.mz\/site\/index.php?rest_route=\/wp\/v2\/product\/7343","targetHints":{"allow":["GET"]}}],"collection":[{"href":"https:\/\/mabuko.co.mz\/site\/index.php?rest_route=\/wp\/v2\/product"}],"about":[{"href":"https:\/\/mabuko.co.mz\/site\/index.php?rest_route=\/wp\/v2\/types\/product"}],"wp:featuredmedia":[{"embeddable":true,"href":"https:\/\/mabuko.co.mz\/site\/index.php?rest_route=\/wp\/v2\/media\/7344"}],"wp:attachment":[{"href":"https:\/\/mabuko.co.mz\/site\/index.php?rest_route=%2Fwp%2Fv2%2Fmedia&parent=7343"}],"wp:term":[{"taxonomy":"product_cat","embeddable":true,"href":"https:\/\/mabuko.co.mz\/site\/index.php?rest_route=%2Fwp%2Fv2%2Fproduct_cat&post=7343"},{"taxonomy":"product_tag","embeddable":true,"href":"https:\/\/mabuko.co.mz\/site\/index.php?rest_route=%2Fwp%2Fv2%2Fproduct_tag&post=7343"}],"curies":[{"name":"wp","href":"https:\/\/api.w.org\/{rel}","templated":true}]}}