{"id":7341,"date":"2022-11-08T08:01:36","date_gmt":"2022-11-08T08:01:36","guid":{"rendered":"https:\/\/mabuko.co.mz\/?post_type=product&#038;p=7341"},"modified":"2023-01-11T13:16:03","modified_gmt":"2023-01-11T13:16:03","slug":"the-game-penetre-na-sociedade-secreta-dos-mestres-do-engate","status":"publish","type":"product","link":"https:\/\/mabuko.co.mz\/site\/?product=the-game-penetre-na-sociedade-secreta-dos-mestres-do-engate","title":{"rendered":"THE GAME Penetre na sociedade secreta dos mestres do engate"},"content":{"rendered":"<p>Neil Strauss<\/p>\n<p>9789722342957<\/p>\n","protected":false},"excerpt":{"rendered":"<p><strong>SINOPSE<\/strong><\/p>\n<p>Neil era um homem cuja vida sob todos os pontos de vista, incluindo o amoroso e o sexual, n\u00e3o tinha qualquer relev\u00e2ncia. Um dia descobriu na Internet um site onde homens de todo o mundo partilhavam as suas dicas sobre os m\u00e9todos para conquistar mulheres e, atrav\u00e9s dele, decide inscrever-se num workshop. De um momento para o outro, toda a sua perspectiva sobre as rela\u00e7\u00f5es se viu transformada e agora \u00e9 a sua vez de partilhar com os leitores as descobertas que fez na sua nova encarna\u00e7\u00e3o de macho alfa. Os segredos da arte da sedu\u00e7\u00e3o poder\u00e3o deixar alguns homens c\u00e9pticos e algumas mulheres indignadas, mas n\u00e3o deixar\u00e3o ningu\u00e9m indiferente.<\/p>\n","protected":false},"featured_media":7342,"template":"","meta":{"_monsterinsights_skip_tracking":false,"_monsterinsights_sitenote_active":false,"_monsterinsights_sitenote_note":"","_monsterinsights_sitenote_category":0},"product_cat":[234],"product_tag":[],"class_list":{"0":"post-7341","1":"product","2":"type-product","3":"status-publish","4":"has-post-thumbnail","6":"product_cat-saude-bem-estar","7":"pa_book-author-neil-strauss","9":"first","10":"outofstock","11":"shipping-taxable","12":"purchasable","13":"product-type-simple"},"_links":{"self":[{"href":"https:\/\/mabuko.co.mz\/site\/index.php?rest_route=\/wp\/v2\/product\/7341","targetHints":{"allow":["GET"]}}],"collection":[{"href":"https:\/\/mabuko.co.mz\/site\/index.php?rest_route=\/wp\/v2\/product"}],"about":[{"href":"https:\/\/mabuko.co.mz\/site\/index.php?rest_route=\/wp\/v2\/types\/product"}],"wp:featuredmedia":[{"embeddable":true,"href":"https:\/\/mabuko.co.mz\/site\/index.php?rest_route=\/wp\/v2\/media\/7342"}],"wp:attachment":[{"href":"https:\/\/mabuko.co.mz\/site\/index.php?rest_route=%2Fwp%2Fv2%2Fmedia&parent=7341"}],"wp:term":[{"taxonomy":"product_cat","embeddable":true,"href":"https:\/\/mabuko.co.mz\/site\/index.php?rest_route=%2Fwp%2Fv2%2Fproduct_cat&post=7341"},{"taxonomy":"product_tag","embeddable":true,"href":"https:\/\/mabuko.co.mz\/site\/index.php?rest_route=%2Fwp%2Fv2%2Fproduct_tag&post=7341"}],"curies":[{"name":"wp","href":"https:\/\/api.w.org\/{rel}","templated":true}]}}