{"id":7339,"date":"2022-11-08T07:54:14","date_gmt":"2022-11-08T07:54:14","guid":{"rendered":"https:\/\/mabuko.co.mz\/?post_type=product&#038;p=7339"},"modified":"2023-01-11T13:19:37","modified_gmt":"2023-01-11T13:19:37","slug":"a-paixao-de-wilde","status":"publish","type":"product","link":"https:\/\/mabuko.co.mz\/site\/?product=a-paixao-de-wilde","title":{"rendered":"A PAIX\u00c3O DE WILDE"},"content":{"rendered":"<p>Eloisa James<\/p>\n<p>9789898917416<\/p>\n","protected":false},"excerpt":{"rendered":"<p><strong>SINOPSE<\/strong><\/p>\n<p>Vencedora do pr\u00e9mio RITA para melhor romance.<\/p>\n<p>\u00abEloisa James faz-nos sempre suspirar, sorrir e apaixonar-nos.\u00bb &#8211;\u00a0Julia Quinn<\/p>\n<p>Lorde Alaric Wilde \u00e9 um famoso escritor e explorador ingl\u00eas, venerado pelas suas perigosas aventuras e elegante apar\u00eancia. Ap\u00f3s alguns anos no estrangeiro, regressa a casa. S\u00f3 que Alaric n\u00e3o fazia ideia da sua celebridade at\u00e9 o seu navio atracar em Londres e ser recebido por uma multid\u00e3o de senhoras desejosas de ver ao vivo o autor da famosa pe\u00e7a\u00a0<em>A Paix\u00e3o de Wilde<\/em>.<\/p>\n<p>Para fugir a todo o rebuli\u00e7o, Alaric refugia-se no castelo do pai. L\u00e1, conhece a bonita e espirituosa menina Willa, que tem in\u00fameros pretendentes, mas n\u00e3o tem interesse por nenhum, e muito menos por um cuja vida privada \u00e9 partilhada com o pa\u00eds inteiro. Alaric adora desafios e, at\u00e9 conhecer Willa, nunca se tinha apaixonado.<\/p>\n<p>Conseguir\u00e1 um homem que n\u00e3o aceita perder uma batalha conquistar uma mulher com um esp\u00edrito indom\u00e1vel?<\/p>\n<p>\u00abO in\u00edcio encantador, rom\u00e2ntico e inesperadamente divertido de uma nova e promissora s\u00e9rie. Um romance obrigat\u00f3rio para os f\u00e3s de Eloisa James e a aposta certa para qualquer leitor de romances.\u00bb &#8211;\u00a0<em>Kirkus Reviews<\/em><\/p>\n","protected":false},"featured_media":7340,"template":"","meta":{"_monsterinsights_skip_tracking":false,"_monsterinsights_sitenote_active":false,"_monsterinsights_sitenote_note":"","_monsterinsights_sitenote_category":0},"product_cat":[105],"product_tag":[],"class_list":{"0":"post-7339","1":"product","2":"type-product","3":"status-publish","4":"has-post-thumbnail","6":"product_cat-romance","7":"pa_book-author-eloisa-james","9":"first","10":"outofstock","11":"shipping-taxable","12":"purchasable","13":"product-type-simple"},"_links":{"self":[{"href":"https:\/\/mabuko.co.mz\/site\/index.php?rest_route=\/wp\/v2\/product\/7339","targetHints":{"allow":["GET"]}}],"collection":[{"href":"https:\/\/mabuko.co.mz\/site\/index.php?rest_route=\/wp\/v2\/product"}],"about":[{"href":"https:\/\/mabuko.co.mz\/site\/index.php?rest_route=\/wp\/v2\/types\/product"}],"wp:featuredmedia":[{"embeddable":true,"href":"https:\/\/mabuko.co.mz\/site\/index.php?rest_route=\/wp\/v2\/media\/7340"}],"wp:attachment":[{"href":"https:\/\/mabuko.co.mz\/site\/index.php?rest_route=%2Fwp%2Fv2%2Fmedia&parent=7339"}],"wp:term":[{"taxonomy":"product_cat","embeddable":true,"href":"https:\/\/mabuko.co.mz\/site\/index.php?rest_route=%2Fwp%2Fv2%2Fproduct_cat&post=7339"},{"taxonomy":"product_tag","embeddable":true,"href":"https:\/\/mabuko.co.mz\/site\/index.php?rest_route=%2Fwp%2Fv2%2Fproduct_tag&post=7339"}],"curies":[{"name":"wp","href":"https:\/\/api.w.org\/{rel}","templated":true}]}}