{"id":7337,"date":"2022-11-08T07:36:22","date_gmt":"2022-11-08T07:36:22","guid":{"rendered":"https:\/\/mabuko.co.mz\/?post_type=product&#038;p=7337"},"modified":"2023-01-11T13:18:26","modified_gmt":"2023-01-11T13:18:26","slug":"a-casa-na-praia","status":"publish","type":"product","link":"https:\/\/mabuko.co.mz\/site\/?product=a-casa-na-praia","title":{"rendered":"A CASA NA PRAIA"},"content":{"rendered":"<p>Daphne du Maurier<\/p>\n<p>9789722363068<\/p>\n","protected":false},"excerpt":{"rendered":"<p><strong>SINOPSE<\/strong><\/p>\n<p>Dick Young vive na Cornualha, em casa do seu amigo Magnus Lane, um cientista que faz investiga\u00e7\u00e3o qu\u00edmica na Universidade de Londres. Dick sente-se intrigado quando Magnus lhe pede que sirva de cobaia de uma nova droga que este descobriu, mas aceita participar na experi\u00eancia. a droga f\u00e1-lo viajar no tempo, transportando-o para o s\u00e9culo XIV, no local exato onde vive: Kilmarth.<\/p>\n<p>A cada viagem proporcionada pela misteriosa droga, Dick vai-se envolvendo mais profundamente nos assuntos de pessoas que morreram h\u00e1 seiscentos anos, enredadas numa teia de amor, ci\u00fame e intrigas. Progressivamente, vai perdendo o controlo da sua vida o do seu pr\u00f3prio tempo. Quando surge a chocante not\u00edcia de que Magnus fora assassinado quando se dirigia a Kilmarth, apenas Dick se apercebe da causa aparentemente inexplic\u00e1vel da morte do amigo.<\/p>\n<p>Mas tendo Magnus desaparecido, o que acontecer\u00e1 \u00e0 experi\u00eancia em curso? E a Dick?<\/p>\n<p>Um romance cl\u00e1ssico not\u00e1vel, de um dos maiores nomes da literatura brit\u00e2nica.<\/p>\n","protected":false},"featured_media":7338,"template":"","meta":{"_monsterinsights_skip_tracking":false,"_monsterinsights_sitenote_active":false,"_monsterinsights_sitenote_note":"","_monsterinsights_sitenote_category":0},"product_cat":[105],"product_tag":[],"class_list":{"0":"post-7337","1":"product","2":"type-product","3":"status-publish","4":"has-post-thumbnail","6":"product_cat-romance","7":"pa_book-author-daphne-du-maurier","9":"first","10":"outofstock","11":"shipping-taxable","12":"purchasable","13":"product-type-simple"},"_links":{"self":[{"href":"https:\/\/mabuko.co.mz\/site\/index.php?rest_route=\/wp\/v2\/product\/7337","targetHints":{"allow":["GET"]}}],"collection":[{"href":"https:\/\/mabuko.co.mz\/site\/index.php?rest_route=\/wp\/v2\/product"}],"about":[{"href":"https:\/\/mabuko.co.mz\/site\/index.php?rest_route=\/wp\/v2\/types\/product"}],"wp:featuredmedia":[{"embeddable":true,"href":"https:\/\/mabuko.co.mz\/site\/index.php?rest_route=\/wp\/v2\/media\/7338"}],"wp:attachment":[{"href":"https:\/\/mabuko.co.mz\/site\/index.php?rest_route=%2Fwp%2Fv2%2Fmedia&parent=7337"}],"wp:term":[{"taxonomy":"product_cat","embeddable":true,"href":"https:\/\/mabuko.co.mz\/site\/index.php?rest_route=%2Fwp%2Fv2%2Fproduct_cat&post=7337"},{"taxonomy":"product_tag","embeddable":true,"href":"https:\/\/mabuko.co.mz\/site\/index.php?rest_route=%2Fwp%2Fv2%2Fproduct_tag&post=7337"}],"curies":[{"name":"wp","href":"https:\/\/api.w.org\/{rel}","templated":true}]}}