{"id":7335,"date":"2022-11-08T07:30:55","date_gmt":"2022-11-08T07:30:55","guid":{"rendered":"https:\/\/mabuko.co.mz\/?post_type=product&#038;p=7335"},"modified":"2023-01-10T14:15:39","modified_gmt":"2023-01-10T14:15:39","slug":"uma-viagem-espiritual","status":"publish","type":"product","link":"https:\/\/mabuko.co.mz\/site\/?product=uma-viagem-espiritual","title":{"rendered":"UMA VIAGEM ESPIRITUAL"},"content":{"rendered":"<p>Billy Mills<\/p>\n<p>Nicholas Sparks<\/p>\n<p>9789722327145<\/p>\n","protected":false},"excerpt":{"rendered":"<p><strong>SINOPSE<\/strong><\/p>\n<p>David nunca esqueceria aquele Ver\u00e3o. Era ent\u00e3o um rapazinho, que acabara de perder a sua irm\u00e3 adorada e, na verdade tamb\u00e9m, a sua melhor amiga. Depois da morte da m\u00e3e, anos antes, ela era a fonte da sua alegria de viver. E agora que a perdera, o jovem \u00edndio mergulhara num desespero sombrio e o seu pai come\u00e7ara a inquetar-se, pois conhecia o terr\u00edvel poder destrutivo desse sentimento. Tinham sido anos muito duros, aqueles&#8230; Felizmente, \u00e0quela fam\u00edlia \u00edndia, discriminada pelos novos americanos, restava ainda o poderoso legado das suas tradi\u00e7\u00f5es ancestrais. O pai viu o pesar que consumia o filho e compreendeu. Entregou-lhe o rolo de pele pintado \u00e0 m\u00e3o, pu\u00eddo pelo decorrer do tempo. Daquelas imagens e s\u00edmbolos emanava uma for\u00e7a misteriosa. Foi esse o ponto de partida para uma estranha viagem, que mudou para sempre a vida de David.<br \/>\nEsta hist\u00f3ria, inspirada na cultura dos \u00edndios Lakota \u00e9 produto de uma co-autoria particularmente feliz. Mundialmente conhecido a partir das Olimp\u00edadas de 1964, Billy Mills foi, ele pr\u00f3prio, tema inspirador de um filme que ficou c\u00e9lebre: Running Brave.<\/p>\n","protected":false},"featured_media":7336,"template":"","meta":{"_monsterinsights_skip_tracking":false,"_monsterinsights_sitenote_active":false,"_monsterinsights_sitenote_note":"","_monsterinsights_sitenote_category":0},"product_cat":[105],"product_tag":[],"class_list":{"0":"post-7335","1":"product","2":"type-product","3":"status-publish","4":"has-post-thumbnail","6":"product_cat-romance","7":"pa_book-author-billy-mills","8":"pa_book-author-nicholas-sparks","10":"first","11":"outofstock","12":"shipping-taxable","13":"purchasable","14":"product-type-simple"},"_links":{"self":[{"href":"https:\/\/mabuko.co.mz\/site\/index.php?rest_route=\/wp\/v2\/product\/7335","targetHints":{"allow":["GET"]}}],"collection":[{"href":"https:\/\/mabuko.co.mz\/site\/index.php?rest_route=\/wp\/v2\/product"}],"about":[{"href":"https:\/\/mabuko.co.mz\/site\/index.php?rest_route=\/wp\/v2\/types\/product"}],"wp:featuredmedia":[{"embeddable":true,"href":"https:\/\/mabuko.co.mz\/site\/index.php?rest_route=\/wp\/v2\/media\/7336"}],"wp:attachment":[{"href":"https:\/\/mabuko.co.mz\/site\/index.php?rest_route=%2Fwp%2Fv2%2Fmedia&parent=7335"}],"wp:term":[{"taxonomy":"product_cat","embeddable":true,"href":"https:\/\/mabuko.co.mz\/site\/index.php?rest_route=%2Fwp%2Fv2%2Fproduct_cat&post=7335"},{"taxonomy":"product_tag","embeddable":true,"href":"https:\/\/mabuko.co.mz\/site\/index.php?rest_route=%2Fwp%2Fv2%2Fproduct_tag&post=7335"}],"curies":[{"name":"wp","href":"https:\/\/api.w.org\/{rel}","templated":true}]}}