{"id":7332,"date":"2022-11-08T07:20:56","date_gmt":"2022-11-08T07:20:56","guid":{"rendered":"https:\/\/mabuko.co.mz\/?post_type=product&#038;p=7332"},"modified":"2023-01-10T14:16:31","modified_gmt":"2023-01-10T14:16:31","slug":"homo-deus-historia-breve-do-amanha","status":"publish","type":"product","link":"https:\/\/mabuko.co.mz\/site\/?product=homo-deus-historia-breve-do-amanha","title":{"rendered":"HOMO DEUS: HIST\u00d3RIA BREVE DO AMANH\u00c3"},"content":{"rendered":"<p>Yuval Noah Harari<\/p>\n<p>9789898855299<\/p>\n","protected":false},"excerpt":{"rendered":"<p><strong>SINOPSE<\/strong><\/p>\n<p>Cheg\u00e1mos ao pr\u00f3ximo passo evolucional: Homo Deus.<\/p>\n<p><em>Homo Deus<\/em> explora os projectos, sonhos e pesadelos que dar\u00e3o forma ao s\u00e9culo XXI &#8211; desde o vencer da morte \u00e0 vida artificial. Sucessor do bestseller internacional\u00a0<em>Sapiens: Hist\u00f3ria Breve da Humanidade<\/em>, coloca as quest\u00f5es fundamentais: para onde seguir a partir daqui? Como proteger o mundo dos poderes destrutivos do ser humano?<\/p>\n<p>A guerra desapareceu.\u00a0\u00c9 mais prov\u00e1vel cometer suic\u00eddio do que morrer num conflito armado.<\/p>\n<p>A fome est\u00e1 a desaparecer.\u00a0\u00c9 mais alto o risco de obesidade do que de fome.<\/p>\n<p>A morte tornou-se um simples problema t\u00e9cnico.\u00a0N\u00e3o alcan\u00e7\u00e1mos a igualdade &#8211; mas estamos perto de alcan\u00e7ar a imortalidade.<\/p>\n<p>A hist\u00f3ria come\u00e7ou quando os homens inventaram os deuses e terminar\u00e1 quando os homens se transformarem em deuses.<\/p>\n<p>O que nos reserva o futuro?<\/p>\n","protected":false},"featured_media":7333,"template":"","meta":{"_monsterinsights_skip_tracking":false,"_monsterinsights_sitenote_active":false,"_monsterinsights_sitenote_note":"","_monsterinsights_sitenote_category":0},"product_cat":[102],"product_tag":[],"class_list":{"0":"post-7332","1":"product","2":"type-product","3":"status-publish","4":"has-post-thumbnail","6":"product_cat-livros-tecnicos","7":"pa_book-author-yuval-noah-harari","9":"first","10":"outofstock","11":"shipping-taxable","12":"purchasable","13":"product-type-simple"},"_links":{"self":[{"href":"https:\/\/mabuko.co.mz\/site\/index.php?rest_route=\/wp\/v2\/product\/7332","targetHints":{"allow":["GET"]}}],"collection":[{"href":"https:\/\/mabuko.co.mz\/site\/index.php?rest_route=\/wp\/v2\/product"}],"about":[{"href":"https:\/\/mabuko.co.mz\/site\/index.php?rest_route=\/wp\/v2\/types\/product"}],"wp:featuredmedia":[{"embeddable":true,"href":"https:\/\/mabuko.co.mz\/site\/index.php?rest_route=\/wp\/v2\/media\/7333"}],"wp:attachment":[{"href":"https:\/\/mabuko.co.mz\/site\/index.php?rest_route=%2Fwp%2Fv2%2Fmedia&parent=7332"}],"wp:term":[{"taxonomy":"product_cat","embeddable":true,"href":"https:\/\/mabuko.co.mz\/site\/index.php?rest_route=%2Fwp%2Fv2%2Fproduct_cat&post=7332"},{"taxonomy":"product_tag","embeddable":true,"href":"https:\/\/mabuko.co.mz\/site\/index.php?rest_route=%2Fwp%2Fv2%2Fproduct_tag&post=7332"}],"curies":[{"name":"wp","href":"https:\/\/api.w.org\/{rel}","templated":true}]}}