{"id":7330,"date":"2022-11-08T07:12:54","date_gmt":"2022-11-08T07:12:54","guid":{"rendered":"https:\/\/mabuko.co.mz\/?post_type=product&#038;p=7330"},"modified":"2023-01-10T14:17:15","modified_gmt":"2023-01-10T14:17:15","slug":"vinganca-de-sangue","status":"publish","type":"product","link":"https:\/\/mabuko.co.mz\/site\/?product=vinganca-de-sangue","title":{"rendered":"VINGAN\u00c7A DE SANGUE"},"content":{"rendered":"<p>Wilbur Smith<\/p>\n<p>9789722353281<\/p>\n","protected":false},"excerpt":{"rendered":"<p><strong>SINOPSE<\/strong><\/p>\n<p>&#8220;Vingan\u00e7a de Sangue&#8221; \u00e9 a sequela de &#8220;A Lei do Deserto&#8221;, obra tamb\u00e9m publicada pela Presen\u00e7a nesta colec\u00e7\u00e3o. Neste segundo volume reconhecemos de imediato a mesma intensidade dram\u00e1tica e o suspense levados a n\u00edveis capazes de desafiar o leitor mais intr\u00e9pido. Aqui, Hector Cross tem encontro marcado com o inimigo, e fica a sab\u00ea-lo da pior forma poss\u00edvel, quando este ataca, sedento de sangue e vingan\u00e7a, assassinando brutalmente Hazel Bannock, agora mulher de Hector e nos \u00faltimos meses de gravidez. Determinado a fazer justi\u00e7a, Hector re\u00fane os seus amigos mais leais e juntos viajam para o M\u00e9dio Oriente. Mas Hector percebe que est\u00e1 a lidar com um inimigo de m\u00faltiplos rostos quando figuras sinistras do passado da fam\u00edlia Bannock come\u00e7am a emergir, envoltas em segredos hediondos que Hazel nunca teve coragem de lhe revelar.<\/p>\n","protected":false},"featured_media":7331,"template":"","meta":{"_monsterinsights_skip_tracking":false,"_monsterinsights_sitenote_active":false,"_monsterinsights_sitenote_note":"","_monsterinsights_sitenote_category":0},"product_cat":[103],"product_tag":[],"class_list":{"0":"post-7330","1":"product","2":"type-product","3":"status-publish","4":"has-post-thumbnail","6":"product_cat-literatura","7":"pa_book-author-wilbur-smith","9":"first","10":"outofstock","11":"shipping-taxable","12":"purchasable","13":"product-type-simple"},"_links":{"self":[{"href":"https:\/\/mabuko.co.mz\/site\/index.php?rest_route=\/wp\/v2\/product\/7330","targetHints":{"allow":["GET"]}}],"collection":[{"href":"https:\/\/mabuko.co.mz\/site\/index.php?rest_route=\/wp\/v2\/product"}],"about":[{"href":"https:\/\/mabuko.co.mz\/site\/index.php?rest_route=\/wp\/v2\/types\/product"}],"wp:featuredmedia":[{"embeddable":true,"href":"https:\/\/mabuko.co.mz\/site\/index.php?rest_route=\/wp\/v2\/media\/7331"}],"wp:attachment":[{"href":"https:\/\/mabuko.co.mz\/site\/index.php?rest_route=%2Fwp%2Fv2%2Fmedia&parent=7330"}],"wp:term":[{"taxonomy":"product_cat","embeddable":true,"href":"https:\/\/mabuko.co.mz\/site\/index.php?rest_route=%2Fwp%2Fv2%2Fproduct_cat&post=7330"},{"taxonomy":"product_tag","embeddable":true,"href":"https:\/\/mabuko.co.mz\/site\/index.php?rest_route=%2Fwp%2Fv2%2Fproduct_tag&post=7330"}],"curies":[{"name":"wp","href":"https:\/\/api.w.org\/{rel}","templated":true}]}}