{"id":7328,"date":"2022-11-08T07:02:26","date_gmt":"2022-11-08T07:02:26","guid":{"rendered":"https:\/\/mabuko.co.mz\/?post_type=product&#038;p=7328"},"modified":"2023-01-10T14:18:19","modified_gmt":"2023-01-10T14:18:19","slug":"descobre-me","status":"publish","type":"product","link":"https:\/\/mabuko.co.mz\/site\/?product=descobre-me","title":{"rendered":"DESCOBRE-ME"},"content":{"rendered":"<p>Maya Banks<\/p>\n<p>9789898849014<\/p>\n","protected":false},"excerpt":{"rendered":"<p><strong>SINOPSE<\/strong><\/p>\n<p>O amor que Zack e Gracie sentiam um pelo outro n\u00e3o era bem visto pela fam\u00edlia de Zack, pois pertenciam a mundos e estratos sociais muito diferentes. Tiveram de lutar muito para ficar juntos, e tudo parecia bem encaminhado at\u00e9 ao dia em que Gracie desapareceu sem deixar rasto. Durante 12 longos anos, Zack viveu obcecado com a ideia de encontrar a sua grande paix\u00e3o, sem nunca o conseguir.<br \/>\nAt\u00e9 que, durante uma miss\u00e3o de trabalho na Devereaux Security, o improv\u00e1vel acontece e os amantes de outrora reencontram-se. Mas Gracie n\u00e3o o quer ver.<br \/>\nSem perceber o que ter\u00e1 acontecido e ainda sem a confian\u00e7a da mulher por que sempre esperou, Zack depressa se apercebe de que Gracie corre risco de vida. A partir desse momento, tudo far\u00e1 para a proteger e reconquistar.<\/p>\n","protected":false},"featured_media":7329,"template":"","meta":{"_monsterinsights_skip_tracking":false,"_monsterinsights_sitenote_active":false,"_monsterinsights_sitenote_note":"","_monsterinsights_sitenote_category":0},"product_cat":[103],"product_tag":[],"class_list":{"0":"post-7328","1":"product","2":"type-product","3":"status-publish","4":"has-post-thumbnail","6":"product_cat-literatura","7":"pa_book-author-maya-banks","9":"first","10":"outofstock","11":"shipping-taxable","12":"purchasable","13":"product-type-simple"},"_links":{"self":[{"href":"https:\/\/mabuko.co.mz\/site\/index.php?rest_route=\/wp\/v2\/product\/7328","targetHints":{"allow":["GET"]}}],"collection":[{"href":"https:\/\/mabuko.co.mz\/site\/index.php?rest_route=\/wp\/v2\/product"}],"about":[{"href":"https:\/\/mabuko.co.mz\/site\/index.php?rest_route=\/wp\/v2\/types\/product"}],"wp:featuredmedia":[{"embeddable":true,"href":"https:\/\/mabuko.co.mz\/site\/index.php?rest_route=\/wp\/v2\/media\/7329"}],"wp:attachment":[{"href":"https:\/\/mabuko.co.mz\/site\/index.php?rest_route=%2Fwp%2Fv2%2Fmedia&parent=7328"}],"wp:term":[{"taxonomy":"product_cat","embeddable":true,"href":"https:\/\/mabuko.co.mz\/site\/index.php?rest_route=%2Fwp%2Fv2%2Fproduct_cat&post=7328"},{"taxonomy":"product_tag","embeddable":true,"href":"https:\/\/mabuko.co.mz\/site\/index.php?rest_route=%2Fwp%2Fv2%2Fproduct_tag&post=7328"}],"curies":[{"name":"wp","href":"https:\/\/api.w.org\/{rel}","templated":true}]}}