{"id":7325,"date":"2022-11-07T14:23:40","date_gmt":"2022-11-07T14:23:40","guid":{"rendered":"https:\/\/mabuko.co.mz\/?post_type=product&#038;p=7325"},"modified":"2023-01-10T14:19:04","modified_gmt":"2023-01-10T14:19:04","slug":"os-idealistas","status":"publish","type":"product","link":"https:\/\/mabuko.co.mz\/site\/?product=os-idealistas","title":{"rendered":"OS IDEALISTAS"},"content":{"rendered":"<p>Zo\u00eb Heller<\/p>\n<p>9789722345194<\/p>\n","protected":false},"excerpt":{"rendered":"<p><strong>SINOPSE<\/strong><\/p>\n<p>Quando Audrey descobre um segredo devastador sobre o seu marido, um advogado nova-iorquino activista pol\u00edtico, v\u00ea-se for\u00e7ada a reavaliar todas as suas certezas em rela\u00e7\u00e3o a um casamento de quarenta anos. Mas tamb\u00e9m os filhos do casal ver\u00e3o as suas vidas abaladas pelo s\u00fabito terramoto emocional que se vem juntar aos muitos dilemas que j\u00e1 lhes perturbam os dias e que desencadeia, em cada um deles, uma crise de identidade. Uma farsa familiar hilariante e negra, onde trag\u00e9dia e com\u00e9dia se entretecem numa malha subtil e sarc\u00e1stica, que fascina desde logo o leitor pela forma soberba como as personagens surgem iluminadas e pela perspic\u00e1cia com que Zo\u00eb Heller se move nas \u00e1reas mais profundas e desconfort\u00e1veis da natureza humana.<\/p>\n","protected":false},"featured_media":7327,"template":"","meta":{"_monsterinsights_skip_tracking":false,"_monsterinsights_sitenote_active":false,"_monsterinsights_sitenote_note":"","_monsterinsights_sitenote_category":0},"product_cat":[105],"product_tag":[],"class_list":{"0":"post-7325","1":"product","2":"type-product","3":"status-publish","4":"has-post-thumbnail","6":"product_cat-romance","7":"pa_book-author-zoe-heller","9":"first","10":"outofstock","11":"shipping-taxable","12":"purchasable","13":"product-type-simple"},"_links":{"self":[{"href":"https:\/\/mabuko.co.mz\/site\/index.php?rest_route=\/wp\/v2\/product\/7325","targetHints":{"allow":["GET"]}}],"collection":[{"href":"https:\/\/mabuko.co.mz\/site\/index.php?rest_route=\/wp\/v2\/product"}],"about":[{"href":"https:\/\/mabuko.co.mz\/site\/index.php?rest_route=\/wp\/v2\/types\/product"}],"wp:featuredmedia":[{"embeddable":true,"href":"https:\/\/mabuko.co.mz\/site\/index.php?rest_route=\/wp\/v2\/media\/7327"}],"wp:attachment":[{"href":"https:\/\/mabuko.co.mz\/site\/index.php?rest_route=%2Fwp%2Fv2%2Fmedia&parent=7325"}],"wp:term":[{"taxonomy":"product_cat","embeddable":true,"href":"https:\/\/mabuko.co.mz\/site\/index.php?rest_route=%2Fwp%2Fv2%2Fproduct_cat&post=7325"},{"taxonomy":"product_tag","embeddable":true,"href":"https:\/\/mabuko.co.mz\/site\/index.php?rest_route=%2Fwp%2Fv2%2Fproduct_tag&post=7325"}],"curies":[{"name":"wp","href":"https:\/\/api.w.org\/{rel}","templated":true}]}}