{"id":7302,"date":"2022-11-07T13:17:37","date_gmt":"2022-11-07T13:17:37","guid":{"rendered":"https:\/\/mabuko.co.mz\/?post_type=product&#038;p=7302"},"modified":"2023-01-10T14:22:18","modified_gmt":"2023-01-10T14:22:18","slug":"mocambique-das-palavras-escritas","status":"publish","type":"product","link":"https:\/\/mabuko.co.mz\/site\/?product=mocambique-das-palavras-escritas","title":{"rendered":"MO\u00c7AMBIQUE das palavras escritas"},"content":{"rendered":"<p>Margarida Calafate Ribeiro<\/p>\n<p>Maria Paula Meneses<\/p>\n<p>9789723609707<\/p>\n","protected":false},"excerpt":{"rendered":"<p><strong>SINOPSE<\/strong><\/p>\n<p>Esta obra desafia e convida os leitores a uma viagem de encontro com Mo\u00e7ambique, e com as palavras de escritores como Lu\u00eds Carlos Patraquim, Mia Couto, Paulina Chiziane, e outros. A par das leituras cr\u00edticas que deles e de outros autores v\u00eam sendo produzidos, questiona-se o panorama da literatura mo\u00e7ambicana; como se revela, os seus autores e que sabedorias trazem as suas vozes.<\/p>\n","protected":false},"featured_media":7304,"template":"","meta":{"_monsterinsights_skip_tracking":false,"_monsterinsights_sitenote_active":false,"_monsterinsights_sitenote_note":"","_monsterinsights_sitenote_category":0},"product_cat":[319],"product_tag":[],"class_list":{"0":"post-7302","1":"product","2":"type-product","3":"status-publish","4":"has-post-thumbnail","6":"product_cat-literatura-mocambicana","7":"pa_book-author-margarida-calafate-ribeiro","8":"pa_book-author-maria-paula-meneses","10":"first","11":"outofstock","12":"shipping-taxable","13":"purchasable","14":"product-type-simple"},"_links":{"self":[{"href":"https:\/\/mabuko.co.mz\/site\/index.php?rest_route=\/wp\/v2\/product\/7302","targetHints":{"allow":["GET"]}}],"collection":[{"href":"https:\/\/mabuko.co.mz\/site\/index.php?rest_route=\/wp\/v2\/product"}],"about":[{"href":"https:\/\/mabuko.co.mz\/site\/index.php?rest_route=\/wp\/v2\/types\/product"}],"wp:featuredmedia":[{"embeddable":true,"href":"https:\/\/mabuko.co.mz\/site\/index.php?rest_route=\/wp\/v2\/media\/7304"}],"wp:attachment":[{"href":"https:\/\/mabuko.co.mz\/site\/index.php?rest_route=%2Fwp%2Fv2%2Fmedia&parent=7302"}],"wp:term":[{"taxonomy":"product_cat","embeddable":true,"href":"https:\/\/mabuko.co.mz\/site\/index.php?rest_route=%2Fwp%2Fv2%2Fproduct_cat&post=7302"},{"taxonomy":"product_tag","embeddable":true,"href":"https:\/\/mabuko.co.mz\/site\/index.php?rest_route=%2Fwp%2Fv2%2Fproduct_tag&post=7302"}],"curies":[{"name":"wp","href":"https:\/\/api.w.org\/{rel}","templated":true}]}}