{"id":7300,"date":"2022-11-07T12:59:36","date_gmt":"2022-11-07T12:59:36","guid":{"rendered":"https:\/\/mabuko.co.mz\/?post_type=product&#038;p=7300"},"modified":"2023-01-10T14:24:12","modified_gmt":"2023-01-10T14:24:12","slug":"caderno-de-memorias","status":"publish","type":"product","link":"https:\/\/mabuko.co.mz\/site\/?product=caderno-de-memorias","title":{"rendered":"CADERNO DE MEM\u00d3RIAS"},"content":{"rendered":"<p>Aldno Muianga<\/p>\n","protected":false},"excerpt":{"rendered":"<p><strong>SINOPSE<\/strong><\/p>\n<p>&#8230; contradi\u00e7\u00f5es \u00e9 costume hav\u00ea-las entre pessoas que habitam os mesmos bairros. Umas, todas bem fundamentadas, tinham a ver com divis\u00f5es motivadas por inveja, por ci\u00fames_ \u201c&#8230;porque a Jorgeta me disse que tu disseste que eu disse que..\u201d e de competi\u00e7\u00f5es por causa de namorados. Ou estoutras, originadas por amantismos fracassados ou por cr\u00e9ditos n\u00e3o respeitados: \u201c&#8230;ontem encontrei o Filim\u00e3o e disse-lhe umas boas&#8230; que s\u00f4 buro, s\u00f4 aldrab\u00e3o, cafajesta sem vergonha na cara&#8230; s\u00f4 mashangana ordin\u00e1rio&#8230;pensas que sou uma entra-sai ou dessas da Rua Ara\u00fajo ou qu\u00ea&#8230;?<\/p>\n","protected":false},"featured_media":7301,"template":"","meta":{"_monsterinsights_skip_tracking":false,"_monsterinsights_sitenote_active":false,"_monsterinsights_sitenote_note":"","_monsterinsights_sitenote_category":0},"product_cat":[319],"product_tag":[],"class_list":{"0":"post-7300","1":"product","2":"type-product","3":"status-publish","4":"has-post-thumbnail","6":"product_cat-literatura-mocambicana","8":"first","9":"outofstock","10":"shipping-taxable","11":"purchasable","12":"product-type-simple"},"_links":{"self":[{"href":"https:\/\/mabuko.co.mz\/site\/index.php?rest_route=\/wp\/v2\/product\/7300","targetHints":{"allow":["GET"]}}],"collection":[{"href":"https:\/\/mabuko.co.mz\/site\/index.php?rest_route=\/wp\/v2\/product"}],"about":[{"href":"https:\/\/mabuko.co.mz\/site\/index.php?rest_route=\/wp\/v2\/types\/product"}],"wp:featuredmedia":[{"embeddable":true,"href":"https:\/\/mabuko.co.mz\/site\/index.php?rest_route=\/wp\/v2\/media\/7301"}],"wp:attachment":[{"href":"https:\/\/mabuko.co.mz\/site\/index.php?rest_route=%2Fwp%2Fv2%2Fmedia&parent=7300"}],"wp:term":[{"taxonomy":"product_cat","embeddable":true,"href":"https:\/\/mabuko.co.mz\/site\/index.php?rest_route=%2Fwp%2Fv2%2Fproduct_cat&post=7300"},{"taxonomy":"product_tag","embeddable":true,"href":"https:\/\/mabuko.co.mz\/site\/index.php?rest_route=%2Fwp%2Fv2%2Fproduct_tag&post=7300"}],"curies":[{"name":"wp","href":"https:\/\/api.w.org\/{rel}","templated":true}]}}