{"id":7285,"date":"2022-11-07T10:23:09","date_gmt":"2022-11-07T10:23:09","guid":{"rendered":"https:\/\/mabuko.co.mz\/?post_type=product&#038;p=7285"},"modified":"2023-01-10T14:28:03","modified_gmt":"2023-01-10T14:28:03","slug":"os-sete-maridos-de-evelyn-hugo","status":"publish","type":"product","link":"https:\/\/mabuko.co.mz\/site\/?product=os-sete-maridos-de-evelyn-hugo","title":{"rendered":"OS SETE MARIDOS DE EVELYN HUGO"},"content":{"rendered":"<p>Taylor Jenkins Reid<\/p>\n<p>9789895644513<\/p>\n","protected":false},"excerpt":{"rendered":"<p><strong>SINOPSE<\/strong><\/p>\n<p>Evelyn Hugo, uma das maiores estrelas de Hollywood, agora a\u00a0aproximar-se dos 80 anos, decide finalmente contar tudo sobre a sua\u00a0vida recheada de glamour e de uma boa dose de esc\u00e2ndalos. Quando\u00a0escolhe a desconhecida Monique Grant para escrever a sua hist\u00f3ria,\u00a0todos ficam surpreendidos, incluindo a pr\u00f3pria jornalista. Porqu\u00ea ela?\u00a0Porqu\u00ea agora?\u00a0Determinada a aproveitar a oportunidade para impulsionar a sua\u00a0carreira, Monique regista o relato de Evelyn com fasc\u00ednio e\u00a0admira\u00e7\u00e3o. Da chegada a Hollywood no in\u00edcio da d\u00e9cada de 1950 \u00e0\u00a0decis\u00e3o de abandonar o mundo do espet\u00e1culo 30 anos depois,\u00a0incluindo, claro est\u00e1, os seus sete casamentos, a vida de Evelyn \u00e9\u00a0repleta de ambi\u00e7\u00e3o desmedida, amizades improv\u00e1veis e um grande\u00a0amor proibido.<\/p>\n<p>\u00c0 medida que a hist\u00f3ria de Evelyn se aproxima do final, torna-se claroque a sua vida est\u00e1 ligada \u00e0 de Monique de uma forma tr\u00e1gica e\u00a0irrevers\u00edvel.<\/p>\n","protected":false},"featured_media":7286,"template":"","meta":{"_monsterinsights_skip_tracking":false,"_monsterinsights_sitenote_active":false,"_monsterinsights_sitenote_note":"","_monsterinsights_sitenote_category":0},"product_cat":[105],"product_tag":[],"class_list":{"0":"post-7285","1":"product","2":"type-product","3":"status-publish","4":"has-post-thumbnail","6":"product_cat-romance","7":"pa_book-author-taylor-jenkins-reid","9":"first","10":"outofstock","11":"shipping-taxable","12":"purchasable","13":"product-type-simple"},"_links":{"self":[{"href":"https:\/\/mabuko.co.mz\/site\/index.php?rest_route=\/wp\/v2\/product\/7285","targetHints":{"allow":["GET"]}}],"collection":[{"href":"https:\/\/mabuko.co.mz\/site\/index.php?rest_route=\/wp\/v2\/product"}],"about":[{"href":"https:\/\/mabuko.co.mz\/site\/index.php?rest_route=\/wp\/v2\/types\/product"}],"wp:featuredmedia":[{"embeddable":true,"href":"https:\/\/mabuko.co.mz\/site\/index.php?rest_route=\/wp\/v2\/media\/7286"}],"wp:attachment":[{"href":"https:\/\/mabuko.co.mz\/site\/index.php?rest_route=%2Fwp%2Fv2%2Fmedia&parent=7285"}],"wp:term":[{"taxonomy":"product_cat","embeddable":true,"href":"https:\/\/mabuko.co.mz\/site\/index.php?rest_route=%2Fwp%2Fv2%2Fproduct_cat&post=7285"},{"taxonomy":"product_tag","embeddable":true,"href":"https:\/\/mabuko.co.mz\/site\/index.php?rest_route=%2Fwp%2Fv2%2Fproduct_tag&post=7285"}],"curies":[{"name":"wp","href":"https:\/\/api.w.org\/{rel}","templated":true}]}}