{"id":7281,"date":"2022-11-07T09:56:41","date_gmt":"2022-11-07T09:56:41","guid":{"rendered":"https:\/\/mabuko.co.mz\/?post_type=product&#038;p=7281"},"modified":"2023-01-10T14:29:17","modified_gmt":"2023-01-10T14:29:17","slug":"furia-divina","status":"publish","type":"product","link":"https:\/\/mabuko.co.mz\/site\/?product=furia-divina","title":{"rendered":"F\u00daRIA DIVINA"},"content":{"rendered":"<p>Jos\u00e9 Rodrigues dos Santos<\/p>\n<p>9789896163389<\/p>\n","protected":false},"excerpt":{"rendered":"<p><strong>SINOPSE<\/strong><\/p>\n<p>Uma mensagem secreta da Al-Qaeda faz soar as campainhas de alarme em Washington. Seduzido por uma bela operacional da CIA, o historiador e criptanalista portugu\u00eas Tom\u00e1s Noronha \u00e9 confrontado em Veneza com uma estranha cifra: 6AYHAS1HA8RU.<br \/>\nAhmed \u00e9 um menino eg\u00edpcio a quem o\u00a0<i>mullah<\/i>\u00a0Saad ensina na mesquita o car\u00e1cter pac\u00edfico e indulgente do isl\u00e3o. Mas nas aulas da\u00a0<i>madrassa<\/i>\u00a0aparece um novo professor com um isl\u00e3o diferente, agressivo e intolerante. O\u00a0<i>mullah<\/i>\u00a0e o novo professor digladiam-se por Ahmed e o menino ir\u00e1 fazer uma escolha que nos transporta ao maior pesadelo do nosso tempo.<br \/>\nBaseando-se em informa\u00e7\u00f5es ver\u00eddicas, Jos\u00e9 Rodrigues dos Santos confirma-se nesta obra surpreendente como o mestre dos grandes temas contempor\u00e2neos. Mais do que um empolgante romance, F\u00faria Divina \u00e9 um impressionante guia que nos orienta pelo labirinto do mundo e nos revela os tempos em que vivemos.<\/p>\n","protected":false},"featured_media":7282,"template":"","meta":{"_monsterinsights_skip_tracking":false,"_monsterinsights_sitenote_active":false,"_monsterinsights_sitenote_note":"","_monsterinsights_sitenote_category":0},"product_cat":[105],"product_tag":[],"class_list":{"0":"post-7281","1":"product","2":"type-product","3":"status-publish","4":"has-post-thumbnail","6":"product_cat-romance","7":"pa_book-author-jose-rodrigues-dos-santos","9":"first","10":"outofstock","11":"shipping-taxable","12":"purchasable","13":"product-type-simple"},"_links":{"self":[{"href":"https:\/\/mabuko.co.mz\/site\/index.php?rest_route=\/wp\/v2\/product\/7281","targetHints":{"allow":["GET"]}}],"collection":[{"href":"https:\/\/mabuko.co.mz\/site\/index.php?rest_route=\/wp\/v2\/product"}],"about":[{"href":"https:\/\/mabuko.co.mz\/site\/index.php?rest_route=\/wp\/v2\/types\/product"}],"wp:featuredmedia":[{"embeddable":true,"href":"https:\/\/mabuko.co.mz\/site\/index.php?rest_route=\/wp\/v2\/media\/7282"}],"wp:attachment":[{"href":"https:\/\/mabuko.co.mz\/site\/index.php?rest_route=%2Fwp%2Fv2%2Fmedia&parent=7281"}],"wp:term":[{"taxonomy":"product_cat","embeddable":true,"href":"https:\/\/mabuko.co.mz\/site\/index.php?rest_route=%2Fwp%2Fv2%2Fproduct_cat&post=7281"},{"taxonomy":"product_tag","embeddable":true,"href":"https:\/\/mabuko.co.mz\/site\/index.php?rest_route=%2Fwp%2Fv2%2Fproduct_tag&post=7281"}],"curies":[{"name":"wp","href":"https:\/\/api.w.org\/{rel}","templated":true}]}}