{"id":7279,"date":"2022-11-07T09:50:47","date_gmt":"2022-11-07T09:50:47","guid":{"rendered":"https:\/\/mabuko.co.mz\/?post_type=product&#038;p=7279"},"modified":"2023-01-10T14:30:00","modified_gmt":"2023-01-10T14:30:00","slug":"quinta-feira-e-outros-dias","status":"publish","type":"product","link":"https:\/\/mabuko.co.mz\/site\/?product=quinta-feira-e-outros-dias","title":{"rendered":"QUINTA-FEIRA E OUTROS DIAS"},"content":{"rendered":"<p>An\u00edbal Cavaco Silva<\/p>\n<p>9789720049421<\/p>\n","protected":false},"excerpt":{"rendered":"<p><strong>SINOPSE<\/strong><\/p>\n<p>Tendo mantido at\u00e9 agora reservada parte importante da minha ac\u00e7\u00e3o como Presidente da Rep\u00fablica, convicto de que essa era a melhor forma de defender o superior interesse nacional &#8211; e nunca tendo ocorrido fugas de informa\u00e7\u00e3o para a comunica\u00e7\u00e3o social sobre o que se passou nos meus encontros com o Primeiro-Ministro e outros membros do Governo -, entendo que \u00e9 altura de completar a presta\u00e7\u00e3o de contas aos Portugueses dando p\u00fablico testemunho de componentes relevantes da minha magistratura que s\u00e3o, em larga medida, desconhecidos dos cidad\u00e3os.<\/p>\n","protected":false},"featured_media":7280,"template":"","meta":{"_monsterinsights_skip_tracking":false,"_monsterinsights_sitenote_active":false,"_monsterinsights_sitenote_note":"","_monsterinsights_sitenote_category":0},"product_cat":[173],"product_tag":[],"class_list":{"0":"post-7279","1":"product","2":"type-product","3":"status-publish","4":"has-post-thumbnail","6":"product_cat-biografias","7":"pa_book-author-anibal-cavaco-silva","9":"first","10":"outofstock","11":"shipping-taxable","12":"purchasable","13":"product-type-simple"},"_links":{"self":[{"href":"https:\/\/mabuko.co.mz\/site\/index.php?rest_route=\/wp\/v2\/product\/7279","targetHints":{"allow":["GET"]}}],"collection":[{"href":"https:\/\/mabuko.co.mz\/site\/index.php?rest_route=\/wp\/v2\/product"}],"about":[{"href":"https:\/\/mabuko.co.mz\/site\/index.php?rest_route=\/wp\/v2\/types\/product"}],"wp:featuredmedia":[{"embeddable":true,"href":"https:\/\/mabuko.co.mz\/site\/index.php?rest_route=\/wp\/v2\/media\/7280"}],"wp:attachment":[{"href":"https:\/\/mabuko.co.mz\/site\/index.php?rest_route=%2Fwp%2Fv2%2Fmedia&parent=7279"}],"wp:term":[{"taxonomy":"product_cat","embeddable":true,"href":"https:\/\/mabuko.co.mz\/site\/index.php?rest_route=%2Fwp%2Fv2%2Fproduct_cat&post=7279"},{"taxonomy":"product_tag","embeddable":true,"href":"https:\/\/mabuko.co.mz\/site\/index.php?rest_route=%2Fwp%2Fv2%2Fproduct_tag&post=7279"}],"curies":[{"name":"wp","href":"https:\/\/api.w.org\/{rel}","templated":true}]}}