{"id":7277,"date":"2022-11-07T09:26:34","date_gmt":"2022-11-07T09:26:34","guid":{"rendered":"https:\/\/mabuko.co.mz\/?post_type=product&#038;p=7277"},"modified":"2023-01-10T14:30:40","modified_gmt":"2023-01-10T14:30:40","slug":"marcelo-presidente-todos-os-dias","status":"publish","type":"product","link":"https:\/\/mabuko.co.mz\/site\/?product=marcelo-presidente-todos-os-dias","title":{"rendered":"MARCELO Presidente todos os dias"},"content":{"rendered":"<p>Felisbela Lopes<\/p>\n<p>Leonete Botelho<\/p>\n<p>9789720031396<\/p>\n","protected":false},"excerpt":{"rendered":"<p><strong>SINOPSE<\/strong><\/p>\n<p>Poucos pol\u00edticos portugueses alcan\u00e7aram a popularidade de Marcelo Rebelo de Sousa.<br \/>\nCom ele, a Presid\u00eancia da Rep\u00fablica foi para a rua ao encontro do povo, quebrando formalismos e protocolos.<br \/>\nEste Presidente \u00e9 a prova de como os afectos contam em pol\u00edtica e de como podem ajudar a travar outros populismos, ainda que corra o risco de ser acusado de banalizar a fun\u00e7\u00e3o. Sem deixar de ser um homem de consensos, Marcelo tamb\u00e9m n\u00e3o deixou de pressionar o Governo e de condicionar a oposi\u00e7\u00e3o, nem de marcar pontos na pol\u00edtica internacional. Seguindo Marcelo Rebelo de Sousa no terreno, consultando centenas de trabalhos que relatam o seu percurso e falando com muitos dos que o acompanham, este livro \u00e9 o retrato vivo de um Presidente da Rep\u00fablica singular, que j\u00e1 marcou a forma como se faz pol\u00edtica em Portugal.<\/p>\n","protected":false},"featured_media":7278,"template":"","meta":{"_monsterinsights_skip_tracking":false,"_monsterinsights_sitenote_active":false,"_monsterinsights_sitenote_note":"","_monsterinsights_sitenote_category":0},"product_cat":[173],"product_tag":[],"class_list":{"0":"post-7277","1":"product","2":"type-product","3":"status-publish","4":"has-post-thumbnail","6":"product_cat-biografias","7":"pa_book-author-felisbela-lopes","8":"pa_book-author-leonete-botelho","10":"first","11":"outofstock","12":"shipping-taxable","13":"purchasable","14":"product-type-simple"},"_links":{"self":[{"href":"https:\/\/mabuko.co.mz\/site\/index.php?rest_route=\/wp\/v2\/product\/7277","targetHints":{"allow":["GET"]}}],"collection":[{"href":"https:\/\/mabuko.co.mz\/site\/index.php?rest_route=\/wp\/v2\/product"}],"about":[{"href":"https:\/\/mabuko.co.mz\/site\/index.php?rest_route=\/wp\/v2\/types\/product"}],"wp:featuredmedia":[{"embeddable":true,"href":"https:\/\/mabuko.co.mz\/site\/index.php?rest_route=\/wp\/v2\/media\/7278"}],"wp:attachment":[{"href":"https:\/\/mabuko.co.mz\/site\/index.php?rest_route=%2Fwp%2Fv2%2Fmedia&parent=7277"}],"wp:term":[{"taxonomy":"product_cat","embeddable":true,"href":"https:\/\/mabuko.co.mz\/site\/index.php?rest_route=%2Fwp%2Fv2%2Fproduct_cat&post=7277"},{"taxonomy":"product_tag","embeddable":true,"href":"https:\/\/mabuko.co.mz\/site\/index.php?rest_route=%2Fwp%2Fv2%2Fproduct_tag&post=7277"}],"curies":[{"name":"wp","href":"https:\/\/api.w.org\/{rel}","templated":true}]}}