{"id":7275,"date":"2022-11-07T09:18:19","date_gmt":"2022-11-07T09:18:19","guid":{"rendered":"https:\/\/mabuko.co.mz\/?post_type=product&#038;p=7275"},"modified":"2023-01-10T14:31:38","modified_gmt":"2023-01-10T14:31:38","slug":"a-ameaca","status":"publish","type":"product","link":"https:\/\/mabuko.co.mz\/site\/?product=a-ameaca","title":{"rendered":"A AMEA\u00c7A"},"content":{"rendered":"<p>Ken Follett<\/p>\n<p>9789722336963<\/p>\n","protected":false},"excerpt":{"rendered":"<p><strong>SINOPSE<\/strong><\/p>\n<p>Unanimemente considerado um dos mestres actuais do policial, Ken Follett tem a capacidade \u00fanica de, a cada novo romance, reinventar o pr\u00f3prio thriller. Em A Amea\u00e7a, um poderoso agente antiviral desaparece misteriosamente das instala\u00e7\u00f5es da Oxenford Medical, uma empresa farmac\u00eautica que est\u00e1 a desenvolver um antiv\u00edrus para uma das mais perigosas variedades do \u00c9bola. Quem o poder\u00e1 ter roubado? E com que obscuras inten\u00e7\u00f5es? Toni Gallo, respons\u00e1vel pela seguran\u00e7a da empresa, est\u00e1 profundamente consciente da terr\u00edvel amea\u00e7a que o seu desaparecimento pode significar. Mas o que Toni, Stanley Oxenford, o director da empresa, e a pr\u00f3pria pol\u00edcia v\u00e3o encontrar pela frente \u00e9 um pesadelo capaz de ultrapassar os seus piores receios\u2026 Trai\u00e7\u00f5es, viol\u00eancia, hero\u00edsmo e paix\u00e3o num thriller absolutamente brilhante.<\/p>\n","protected":false},"featured_media":7276,"template":"","meta":{"_monsterinsights_skip_tracking":false,"_monsterinsights_sitenote_active":false,"_monsterinsights_sitenote_note":"","_monsterinsights_sitenote_category":0},"product_cat":[103],"product_tag":[],"class_list":{"0":"post-7275","1":"product","2":"type-product","3":"status-publish","4":"has-post-thumbnail","6":"product_cat-literatura","7":"pa_book-author-ken-follett","9":"first","10":"outofstock","11":"shipping-taxable","12":"purchasable","13":"product-type-simple"},"_links":{"self":[{"href":"https:\/\/mabuko.co.mz\/site\/index.php?rest_route=\/wp\/v2\/product\/7275","targetHints":{"allow":["GET"]}}],"collection":[{"href":"https:\/\/mabuko.co.mz\/site\/index.php?rest_route=\/wp\/v2\/product"}],"about":[{"href":"https:\/\/mabuko.co.mz\/site\/index.php?rest_route=\/wp\/v2\/types\/product"}],"wp:featuredmedia":[{"embeddable":true,"href":"https:\/\/mabuko.co.mz\/site\/index.php?rest_route=\/wp\/v2\/media\/7276"}],"wp:attachment":[{"href":"https:\/\/mabuko.co.mz\/site\/index.php?rest_route=%2Fwp%2Fv2%2Fmedia&parent=7275"}],"wp:term":[{"taxonomy":"product_cat","embeddable":true,"href":"https:\/\/mabuko.co.mz\/site\/index.php?rest_route=%2Fwp%2Fv2%2Fproduct_cat&post=7275"},{"taxonomy":"product_tag","embeddable":true,"href":"https:\/\/mabuko.co.mz\/site\/index.php?rest_route=%2Fwp%2Fv2%2Fproduct_tag&post=7275"}],"curies":[{"name":"wp","href":"https:\/\/api.w.org\/{rel}","templated":true}]}}