{"id":7271,"date":"2022-11-07T08:51:50","date_gmt":"2022-11-07T08:51:50","guid":{"rendered":"https:\/\/mabuko.co.mz\/?post_type=product&#038;p=7271"},"modified":"2023-01-10T14:32:57","modified_gmt":"2023-01-10T14:32:57","slug":"um-momento-inesquecivel","status":"publish","type":"product","link":"https:\/\/mabuko.co.mz\/site\/?product=um-momento-inesquecivel","title":{"rendered":"UM MOMENTO INESQUEC\u00cdVEL"},"content":{"rendered":"<p>Nicholas Sparks<\/p>\n<p>9789722325400<\/p>\n","protected":false},"excerpt":{"rendered":"<p><strong>SINOPSE<\/strong><\/p>\n<p>O \u00a0regresso do autor dos bestsellers\u00a0<i><b>O Di\u00e1rio da Nossa Paix\u00e3o<\/b><\/i>\u00a0e\u00a0<i><b>As Palavras que Nunca te Direi<\/b><\/i>\u00a0com um romance terno e comovente acerca do verdadeiro significado da beleza, da generosidade, da perda e acima de tudo do poder m\u00e1gico do amor.<\/p>\n<p>Nicholas Sparks conta-nos desta vez a hist\u00f3ria de dois adolescentes \u2013 Landon e Jamie Sullivan. Dois adolescentes com percursos antag\u00f3nicos e interesses divergentes. Nada mais nada menos do que um jovem estudante bo\u00e9mio e descomprometido e a antiquada filha do pastor baptista de uma pequena cidade americana. Mas naquele estranho Natal de1958 Landon olhar\u00e1 Jamie com os olhos da paix\u00e3o o que ir\u00e1 mudar radicalmente o rumo daquelas duas vidas&#8230;<\/p>\n","protected":false},"featured_media":7272,"template":"","meta":{"_monsterinsights_skip_tracking":false,"_monsterinsights_sitenote_active":false,"_monsterinsights_sitenote_note":"","_monsterinsights_sitenote_category":0},"product_cat":[103],"product_tag":[],"class_list":{"0":"post-7271","1":"product","2":"type-product","3":"status-publish","4":"has-post-thumbnail","6":"product_cat-literatura","7":"pa_book-author-nicholas-sparks","9":"first","10":"outofstock","11":"shipping-taxable","12":"purchasable","13":"product-type-simple"},"_links":{"self":[{"href":"https:\/\/mabuko.co.mz\/site\/index.php?rest_route=\/wp\/v2\/product\/7271","targetHints":{"allow":["GET"]}}],"collection":[{"href":"https:\/\/mabuko.co.mz\/site\/index.php?rest_route=\/wp\/v2\/product"}],"about":[{"href":"https:\/\/mabuko.co.mz\/site\/index.php?rest_route=\/wp\/v2\/types\/product"}],"wp:featuredmedia":[{"embeddable":true,"href":"https:\/\/mabuko.co.mz\/site\/index.php?rest_route=\/wp\/v2\/media\/7272"}],"wp:attachment":[{"href":"https:\/\/mabuko.co.mz\/site\/index.php?rest_route=%2Fwp%2Fv2%2Fmedia&parent=7271"}],"wp:term":[{"taxonomy":"product_cat","embeddable":true,"href":"https:\/\/mabuko.co.mz\/site\/index.php?rest_route=%2Fwp%2Fv2%2Fproduct_cat&post=7271"},{"taxonomy":"product_tag","embeddable":true,"href":"https:\/\/mabuko.co.mz\/site\/index.php?rest_route=%2Fwp%2Fv2%2Fproduct_tag&post=7271"}],"curies":[{"name":"wp","href":"https:\/\/api.w.org\/{rel}","templated":true}]}}