{"id":7267,"date":"2022-11-07T08:40:31","date_gmt":"2022-11-07T08:40:31","guid":{"rendered":"https:\/\/mabuko.co.mz\/?post_type=product&#038;p=7267"},"modified":"2023-01-10T13:46:56","modified_gmt":"2023-01-10T13:46:56","slug":"as-palavras-que-nunca-te-direi","status":"publish","type":"product","link":"https:\/\/mabuko.co.mz\/site\/?product=as-palavras-que-nunca-te-direi","title":{"rendered":"AS PALAVRAS QUE NUNCA TE DIREI"},"content":{"rendered":"<p>Nicholas Sparks<\/p>\n<p>9789722323970<\/p>\n","protected":false},"excerpt":{"rendered":"<p><strong>SINOPSE<\/strong><\/p>\n<p>O autor do bestseller O di\u00e1rio da Nossa Paix\u00e3o, j\u00e1 publicado nesta colec\u00e7\u00e3o, volta com um novo \u00eaxito, provando que tem mais para dizer acerca das emo\u00e7\u00f5es profundas e premenetes que fazem pulsar o cora\u00e7\u00e3o humano. Esta sua nova hist\u00f3ria re\u00fane um homem e uma mulher cujas vidas tinham aparentemente sem sentido, ap\u00f3s dolorosas perdas sentimentais. Theresa, divorciada e m\u00e3e de um adolescente, \u00e9 colaboradora de um jornal onde escreve sobre rela\u00e7\u00f5es entre pais e filhos. Garret \u00e9 professor de mergulho e vive na orla costeira, onde possui um magn\u00edfico veleiro restaurado por ele e pela falecida mulher. Aquilo que vai fazer com que as suas vidas se cruzem e lhes dar\u00e1 um novo, inesperado, sentido \u00e9 uma s\u00e9rie de mensagens que ele lan\u00e7a ao mar em garrafas seladas.<\/p>\n<p>Cartas pungentes de amor e saudade&#8230; durante umas f\u00e9rias passadas \u00e0 beira-mar, Theresa vir\u00e1 um dia a encontrar uma dessas garrafas. Obcecada pela estranheza do achado, come\u00e7a uma busca que a levar\u00e1 a tentar descobrir a verdade acerca de um homem e das suas mem\u00f3rias. Um romance delicadeza a for\u00e7a e a fragilidade das grandes paix\u00f5es.<\/p>\n","protected":false},"featured_media":7269,"template":"","meta":{"_monsterinsights_skip_tracking":false,"_monsterinsights_sitenote_active":false,"_monsterinsights_sitenote_note":"","_monsterinsights_sitenote_category":0},"product_cat":[103],"product_tag":[],"class_list":{"0":"post-7267","1":"product","2":"type-product","3":"status-publish","4":"has-post-thumbnail","6":"product_cat-literatura","7":"pa_book-author-nicholas-sparks","9":"first","10":"outofstock","11":"shipping-taxable","12":"purchasable","13":"product-type-simple"},"_links":{"self":[{"href":"https:\/\/mabuko.co.mz\/site\/index.php?rest_route=\/wp\/v2\/product\/7267","targetHints":{"allow":["GET"]}}],"collection":[{"href":"https:\/\/mabuko.co.mz\/site\/index.php?rest_route=\/wp\/v2\/product"}],"about":[{"href":"https:\/\/mabuko.co.mz\/site\/index.php?rest_route=\/wp\/v2\/types\/product"}],"wp:featuredmedia":[{"embeddable":true,"href":"https:\/\/mabuko.co.mz\/site\/index.php?rest_route=\/wp\/v2\/media\/7269"}],"wp:attachment":[{"href":"https:\/\/mabuko.co.mz\/site\/index.php?rest_route=%2Fwp%2Fv2%2Fmedia&parent=7267"}],"wp:term":[{"taxonomy":"product_cat","embeddable":true,"href":"https:\/\/mabuko.co.mz\/site\/index.php?rest_route=%2Fwp%2Fv2%2Fproduct_cat&post=7267"},{"taxonomy":"product_tag","embeddable":true,"href":"https:\/\/mabuko.co.mz\/site\/index.php?rest_route=%2Fwp%2Fv2%2Fproduct_tag&post=7267"}],"curies":[{"name":"wp","href":"https:\/\/api.w.org\/{rel}","templated":true}]}}