{"id":7265,"date":"2022-11-07T08:10:32","date_gmt":"2022-11-07T08:10:32","guid":{"rendered":"https:\/\/mabuko.co.mz\/?post_type=product&#038;p=7265"},"modified":"2023-01-10T13:49:37","modified_gmt":"2023-01-10T13:49:37","slug":"a-mulher-do-dragao-vermelho","status":"publish","type":"product","link":"https:\/\/mabuko.co.mz\/site\/?product=a-mulher-do-dragao-vermelho","title":{"rendered":"A MULHER DO DRAG\u00c3O VERMELHO"},"content":{"rendered":"<p>Jos\u00e9 Rodrigues dos Santos<\/p>\n<p>9789897776168<\/p>\n","protected":false},"excerpt":{"rendered":"<p><strong>SINOPSE<\/strong><\/p>\n<p>Uma mulher misteriosa \u00e9 perseguida na \u00cdndia. Maria Flor tenta ajud\u00e1-la, mas ambas s\u00e3o raptadas. Tom\u00e1s Noronha inicia buscas para as resgatar e ir\u00e1 contar com um ajudante inesperado. Um agente secreto americano.<\/p>\n<p>No cativeiro, a mulher de Tom\u00e1s consegue esconder uma mensagem cr\u00edptica: o estranho s\u00edmbolo de uma velha profecia b\u00edblica. Madina nasce numa prov\u00edncia remota da China e filia-se no Partido. Apaixona-se por um professor e prepara-se para um futuro radioso. Mas, sem saber como, v\u00ea-se obrigada a confessar crimes que nunca cometeu.<\/p>\n<p>Qual \u00e9 a rela\u00e7\u00e3o entre o rapto de Maria Flor e a antiga profecia? Porque est\u00e1 a CIA t\u00e3o interessada no caso? E qual o terr\u00edvel segredo que a mulher misteriosa tem para revelar? Ser\u00e1 a China mais perigosa do que a R\u00fassia?<\/p>\n<p>Inspirado em factos reais, Jos\u00e9 Rodrigues dos Santos transporta-nos ao cora\u00e7\u00e3o da geopol\u00edtica e mostra a grande amea\u00e7a que o Ocidente hoje enfrenta.\u00a0<i>A Mulher do Drag\u00e3o Vermelho<\/i>\u00a0traz-nos o escritor favorito dos portugueses com todo o seu talento.<\/p>\n<p>Escrita a um ritmo fren\u00e9tico, esta \u00e9 uma aventura empolgante que nos vai abalar e obrigar a reflectir sobre o mundo em que vivemos e os perigos que nos amea\u00e7am.<\/p>\n","protected":false},"featured_media":7266,"template":"","meta":{"_monsterinsights_skip_tracking":false,"_monsterinsights_sitenote_active":false,"_monsterinsights_sitenote_note":"","_monsterinsights_sitenote_category":0},"product_cat":[103],"product_tag":[],"class_list":{"0":"post-7265","1":"product","2":"type-product","3":"status-publish","4":"has-post-thumbnail","6":"product_cat-literatura","7":"pa_book-author-jose-rodrigues-dos-santos","9":"first","10":"outofstock","11":"shipping-taxable","12":"purchasable","13":"product-type-simple"},"_links":{"self":[{"href":"https:\/\/mabuko.co.mz\/site\/index.php?rest_route=\/wp\/v2\/product\/7265","targetHints":{"allow":["GET"]}}],"collection":[{"href":"https:\/\/mabuko.co.mz\/site\/index.php?rest_route=\/wp\/v2\/product"}],"about":[{"href":"https:\/\/mabuko.co.mz\/site\/index.php?rest_route=\/wp\/v2\/types\/product"}],"wp:featuredmedia":[{"embeddable":true,"href":"https:\/\/mabuko.co.mz\/site\/index.php?rest_route=\/wp\/v2\/media\/7266"}],"wp:attachment":[{"href":"https:\/\/mabuko.co.mz\/site\/index.php?rest_route=%2Fwp%2Fv2%2Fmedia&parent=7265"}],"wp:term":[{"taxonomy":"product_cat","embeddable":true,"href":"https:\/\/mabuko.co.mz\/site\/index.php?rest_route=%2Fwp%2Fv2%2Fproduct_cat&post=7265"},{"taxonomy":"product_tag","embeddable":true,"href":"https:\/\/mabuko.co.mz\/site\/index.php?rest_route=%2Fwp%2Fv2%2Fproduct_tag&post=7265"}],"curies":[{"name":"wp","href":"https:\/\/api.w.org\/{rel}","templated":true}]}}