{"id":7261,"date":"2022-11-07T07:47:31","date_gmt":"2022-11-07T07:47:31","guid":{"rendered":"https:\/\/mabuko.co.mz\/?post_type=product&#038;p=7261"},"modified":"2023-01-10T13:52:09","modified_gmt":"2023-01-10T13:52:09","slug":"o-poder-de-confiares-em-ti","status":"publish","type":"product","link":"https:\/\/mabuko.co.mz\/site\/?product=o-poder-de-confiares-em-ti","title":{"rendered":"O PODER DE CONFIARES EM TI"},"content":{"rendered":"<p>Curro Ca\u00f1ete<\/p>\n<p>Curro Canete<\/p>\n<p>9789897774034<\/p>\n","protected":false},"excerpt":{"rendered":"<p><strong>SINOPSE<\/strong><\/p>\n<p>O maior ato de generosidade que podes fazer por ti e pelos que te rodeiam \u00e9 seres feliz.<br \/>\nO Poder de Confiares em Ti convida a transformares-te no teu pr\u00f3prio coach , a seres o teu guia na vida. Com conselhos pr\u00e1ticos e exerc\u00edcios transformadores, vais aprender a sentir-te bem contigo pr\u00f3prio e a tornar realidade os teus verdadeiros desejos e aspira\u00e7\u00f5es. Para Curro Ca\u00f1ete, a felicidade n\u00e3o \u00e9 apenas um destino, mas tamb\u00e9m o caminho que todos devemos percorrer com a ajuda do poder de confiar em n\u00f3s pr\u00f3prios.<br \/>\n\u00abLembras-te de todas as vezes que falaste mal de ti mesmo? Daqueles medos que tantas vezes te assustaram? De tudo o que deixaste de fazer por medo daquilo que os outros pudessem dizer? De quanto sofreste por pensares que tinhas feito algo de mal, por mendigar amor ou porque os outros n\u00e3o te valorizavam ou validavam? De quando deixavas de seres quem \u00e9s, prejudicando-te, para tentar agradar a terceiros? Basta! Deixa tudo isso para tr\u00e1s! Agora! N\u00e3o h\u00e1 tempo a perder!\u00bb<br \/>\nDesperta j\u00e1 a for\u00e7a interior que mudar\u00e1 a tua vida!<\/p>\n","protected":false},"featured_media":7262,"template":"","meta":{"_monsterinsights_skip_tracking":false,"_monsterinsights_sitenote_active":false,"_monsterinsights_sitenote_note":"","_monsterinsights_sitenote_category":0},"product_cat":[108],"product_tag":[],"class_list":{"0":"post-7261","1":"product","2":"type-product","3":"status-publish","4":"has-post-thumbnail","6":"product_cat-auto-ajuda","7":"pa_book-author-curro-canete","9":"first","10":"outofstock","11":"shipping-taxable","12":"purchasable","13":"product-type-simple"},"_links":{"self":[{"href":"https:\/\/mabuko.co.mz\/site\/index.php?rest_route=\/wp\/v2\/product\/7261","targetHints":{"allow":["GET"]}}],"collection":[{"href":"https:\/\/mabuko.co.mz\/site\/index.php?rest_route=\/wp\/v2\/product"}],"about":[{"href":"https:\/\/mabuko.co.mz\/site\/index.php?rest_route=\/wp\/v2\/types\/product"}],"wp:featuredmedia":[{"embeddable":true,"href":"https:\/\/mabuko.co.mz\/site\/index.php?rest_route=\/wp\/v2\/media\/7262"}],"wp:attachment":[{"href":"https:\/\/mabuko.co.mz\/site\/index.php?rest_route=%2Fwp%2Fv2%2Fmedia&parent=7261"}],"wp:term":[{"taxonomy":"product_cat","embeddable":true,"href":"https:\/\/mabuko.co.mz\/site\/index.php?rest_route=%2Fwp%2Fv2%2Fproduct_cat&post=7261"},{"taxonomy":"product_tag","embeddable":true,"href":"https:\/\/mabuko.co.mz\/site\/index.php?rest_route=%2Fwp%2Fv2%2Fproduct_tag&post=7261"}],"curies":[{"name":"wp","href":"https:\/\/api.w.org\/{rel}","templated":true}]}}