{"id":7255,"date":"2022-11-07T07:33:14","date_gmt":"2022-11-07T07:33:14","guid":{"rendered":"https:\/\/mabuko.co.mz\/?post_type=product&#038;p=7255"},"modified":"2023-01-10T13:53:45","modified_gmt":"2023-01-10T13:53:45","slug":"foco-o-motor-oculto-da-excelencia","status":"publish","type":"product","link":"https:\/\/mabuko.co.mz\/site\/?product=foco-o-motor-oculto-da-excelencia","title":{"rendered":"FOCO O motor oculto da excel\u00eancia"},"content":{"rendered":"<p>Daniel Goleman<\/p>\n<p>9789896442415<\/p>\n","protected":false},"excerpt":{"rendered":"<p><strong>SINOPSE<\/strong><\/p>\n<p>Ao longo de mais de duas d\u00e9cadas o psic\u00f3logo e jornalista Daniel Goleman tem-nos mostrado o que h\u00e1 de inovador surpreendente e importante nas ci\u00eancias humanas. Neste livro aborda todas as especificidades da ci\u00eancia da aten\u00e7\u00e3o promovendo um debate h\u00e1 muito adiado sobre este pouco conhecido e subvalorizado recurso mental que assume uma import\u00e2ncia enorme para a maneira como vivemos a nossa vida.<\/p>\n<p>O funcionamento da aten\u00e7\u00e3o assemelha-se muito \u00e0 de um m\u00fasculo: se a utilizarmos mal definha; se a trabalharmos bem desenvolve-se. Numa \u00e9poca de distrac\u00e7\u00f5es inesgot\u00e1veis Goleman argumenta persuasivamente que agora mais do que nunca devemos aprender a apurar o nosso foco se queremos lidar com e ser bem-sucedidos num mundo complexo.<\/p>\n<p>\u00abDaniel Goleman apresenta uma reflex\u00e3o fascinante sobre o que \u00e9 mais relevante para o progresso dos seres humanos das organiza\u00e7\u00f5es e do planeta.\u00bb<\/p>\n<p>|Jon Kabat-Zinn autor de Mindfulness for Beginners|<\/p>\n<p>\u00abCom a mesma intelig\u00eancia com que transformou a maneira como compreendemos o poder das emo\u00e7\u00f5es Goleman desconstr\u00f3i o papel que a aten\u00e7\u00e3o desempenha na nossa vida. Estudo a aten\u00e7\u00e3o h\u00e1 mais de uma d\u00e9cada mas aprendi algo de novo em cada p\u00e1gina deste livro.\u00bb<\/p>\n<p>|Tony Schwartz autor de The Power of Full Engagement e CEO de The Energy Project|<\/p>\n<p>\u00abCom ideias consistentes exemplos esclarecedores e dados cient\u00edficos novos Daniel Goleman defende que a capacidade de concentra\u00e7\u00e3o \u00e9 a segredo para a excel\u00eancia tanto na vida pessoal como na profissional \u2013 e explica tamb\u00e9m como podemos desenvolver essa concentra\u00e7\u00e3o.\u00bb<\/p>\n<p>|Gretchen Rubin autora do bestseller Projecto Felicidade|<\/p>\n","protected":false},"featured_media":7256,"template":"","meta":{"_monsterinsights_skip_tracking":false,"_monsterinsights_sitenote_active":false,"_monsterinsights_sitenote_note":"","_monsterinsights_sitenote_category":0},"product_cat":[102],"product_tag":[],"class_list":{"0":"post-7255","1":"product","2":"type-product","3":"status-publish","4":"has-post-thumbnail","6":"product_cat-livros-tecnicos","7":"pa_book-author-daniel-goleman","9":"first","10":"outofstock","11":"shipping-taxable","12":"purchasable","13":"product-type-simple"},"_links":{"self":[{"href":"https:\/\/mabuko.co.mz\/site\/index.php?rest_route=\/wp\/v2\/product\/7255","targetHints":{"allow":["GET"]}}],"collection":[{"href":"https:\/\/mabuko.co.mz\/site\/index.php?rest_route=\/wp\/v2\/product"}],"about":[{"href":"https:\/\/mabuko.co.mz\/site\/index.php?rest_route=\/wp\/v2\/types\/product"}],"wp:featuredmedia":[{"embeddable":true,"href":"https:\/\/mabuko.co.mz\/site\/index.php?rest_route=\/wp\/v2\/media\/7256"}],"wp:attachment":[{"href":"https:\/\/mabuko.co.mz\/site\/index.php?rest_route=%2Fwp%2Fv2%2Fmedia&parent=7255"}],"wp:term":[{"taxonomy":"product_cat","embeddable":true,"href":"https:\/\/mabuko.co.mz\/site\/index.php?rest_route=%2Fwp%2Fv2%2Fproduct_cat&post=7255"},{"taxonomy":"product_tag","embeddable":true,"href":"https:\/\/mabuko.co.mz\/site\/index.php?rest_route=%2Fwp%2Fv2%2Fproduct_tag&post=7255"}],"curies":[{"name":"wp","href":"https:\/\/api.w.org\/{rel}","templated":true}]}}