{"id":7253,"date":"2022-11-07T07:18:15","date_gmt":"2022-11-07T07:18:15","guid":{"rendered":"https:\/\/mabuko.co.mz\/?post_type=product&#038;p=7253"},"modified":"2023-01-10T13:54:24","modified_gmt":"2023-01-10T13:54:24","slug":"da-china","status":"publish","type":"product","link":"https:\/\/mabuko.co.mz\/site\/?product=da-china","title":{"rendered":"DA CHINA"},"content":{"rendered":"<p>Henry Kissinger<\/p>\n<p>9789725649695<\/p>\n","protected":false},"excerpt":{"rendered":"<p><strong>SINOPSE<\/strong><\/p>\n<p>Neste relato hist\u00f3rico apaixonante, Henry Kissinger revela, pela primeira vez em livro, o seu profundo conhecimento da China, cujas rela\u00e7\u00f5es com o Ocidente ajudou a modelar. Recorrendo a registos hist\u00f3ricos e a conversas que manteve com l\u00edderes chineses ao longo de v\u00e1rias d\u00e9cadas, Kissinger observa a forma como a China encarou a diplomacia, a estrat\u00e9gia, e a negocia\u00e7\u00e3o ao longo da sua hist\u00f3ria e reflecte sobre o equil\u00edbrio dos poderes num s\u00e9culo XXI globalizado. Nenhum pa\u00eds est\u00e1 t\u00e3o ligado ao seu passado mais antigo e respectivos princ\u00edpios cl\u00e1ssicos do que a China, pelo que qualquer tentativa de compreender o presente e o futuro deste pa\u00eds ter\u00e1 necessariamente de passar pela aprecia\u00e7\u00e3o da sua longa hist\u00f3ria. Durante s\u00e9culos n\u00e3o houve sociedades que a igualassem a China em dimens\u00e3o e sofistica\u00e7\u00e3o, o Reino do Meio, que tratava como vassalos os povos na sua periferia. Enquanto isso, os estadistas chineses desenvolveram um c\u00e2none de pensamento estrat\u00e9gico que valorizava as virtudes da subtileza, da paci\u00eancia Kissinger examina epis\u00f3dios chave da pol\u00edtica internacional da China, desde a sua era cl\u00e1ssica at\u00e9 aos dias de hoje. E mostra o trabalho oculto da diplomacia chinesa em momentos importantes como os primeiros encontros entre a China e os poderes ocidentais modernos, a forma\u00e7\u00e3o e colapso da alian\u00e7a sino-sovi\u00e9tica, a Guerra da Coreia, e a viagem hist\u00f3rica de Richard Nixon a Pequim, entre outros.<\/p>\n","protected":false},"featured_media":7254,"template":"","meta":{"_monsterinsights_skip_tracking":false,"_monsterinsights_sitenote_active":false,"_monsterinsights_sitenote_note":"","_monsterinsights_sitenote_category":0},"product_cat":[102],"product_tag":[],"class_list":{"0":"post-7253","1":"product","2":"type-product","3":"status-publish","4":"has-post-thumbnail","6":"product_cat-livros-tecnicos","7":"pa_book-author-henry-kissinger","9":"first","10":"outofstock","11":"shipping-taxable","12":"purchasable","13":"product-type-simple"},"_links":{"self":[{"href":"https:\/\/mabuko.co.mz\/site\/index.php?rest_route=\/wp\/v2\/product\/7253","targetHints":{"allow":["GET"]}}],"collection":[{"href":"https:\/\/mabuko.co.mz\/site\/index.php?rest_route=\/wp\/v2\/product"}],"about":[{"href":"https:\/\/mabuko.co.mz\/site\/index.php?rest_route=\/wp\/v2\/types\/product"}],"wp:featuredmedia":[{"embeddable":true,"href":"https:\/\/mabuko.co.mz\/site\/index.php?rest_route=\/wp\/v2\/media\/7254"}],"wp:attachment":[{"href":"https:\/\/mabuko.co.mz\/site\/index.php?rest_route=%2Fwp%2Fv2%2Fmedia&parent=7253"}],"wp:term":[{"taxonomy":"product_cat","embeddable":true,"href":"https:\/\/mabuko.co.mz\/site\/index.php?rest_route=%2Fwp%2Fv2%2Fproduct_cat&post=7253"},{"taxonomy":"product_tag","embeddable":true,"href":"https:\/\/mabuko.co.mz\/site\/index.php?rest_route=%2Fwp%2Fv2%2Fproduct_tag&post=7253"}],"curies":[{"name":"wp","href":"https:\/\/api.w.org\/{rel}","templated":true}]}}